{"id":16,"date":"2013-12-04T11:38:23","date_gmt":"2013-12-04T11:38:23","guid":{"rendered":"https:\/\/sustaffor.eu\/?page_id=16"},"modified":"2020-06-03T06:32:04","modified_gmt":"2020-06-03T06:32:04","slug":"16-2","status":"publish","type":"page","link":"https:\/\/sustaffor.eu\/?page_id=16","title":{"rendered":"<font color=\"#f8b332\">Project results<\/font>"},"content":{"rendered":"<h3><span style=\"text-decoration: underline;\"><img decoding=\"async\" loading=\"lazy\" class=\"size-full wp-image-1333 alignright\" alt=\"portada_guia_en\" src=\"https:\/\/sustaffor.eu\/wp-content\/uploads\/2013\/12\/portada_guia_en.jpg\" width=\"150\" height=\"213\" \/><\/span>1. <b>Technical guide<\/b> on soil conditioners and groundcovers<\/h3>\n<p><span style=\"text-decoration: underline;\">Description<\/span><\/p>\n<p>An illustrated 60-pages manual describing the problems of drought and competing vegetation in tree planting in Europe and the Mediterranean, introducing the most common techniques utilized to control these threats. The emphasis is done on soil conditioners and groundcovers, including the description of the main versions of both techniques, and\u00a0 a cost analysis on their use, compared to reference techniques, in a wide range of tree planting scenarios.<\/p>\n<div id=\"2-link-16\" class=\"sh-link 2-link sh-hide\"><a href=\"#\" onclick=\"showhide_toggle('2', 16, 'Download ', 'Download '); return false;\" aria-expanded=\"false\"><span id=\"2-toggle-16\">Download <\/span><\/a><\/div><div id=\"2-content-16\" class=\"sh-content 2-content sh-hide\" style=\"display: none;\">\n<p>English: <b>Soil conditioners and groundcovers for sustainable and cost-efficient tree planting in Europe and the Mediterranean <\/b><\/p>\n<ul>\n<li><a href=\"https:\/\/sustaffor.eu\/docs\/Technical_guide_soil_conditioners+groundcovers_Coello-Pique_2016_Sustaffor.pdf\">Download in high definition (30 mb)<\/a><\/li>\n<li><a href=\"https:\/\/sustaffor.eu\/wp-content\/uploads\/2016\/03\/Technical_guide_soil_conditioners+groundcovers_Coello-Pique_2016_Sustaffor_Low_definition.pdf\" target=\"_blank\">Download in low definition (3 mb)<\/a><\/li>\n<\/ul>\n<p>Fran\u00e7ais:\u00a0 <b>Amendements de sol et paillis pour des plantations d\u2019arbres viables et rentables en Europe et en M\u00e9diterran\u00e9e<\/b><\/p>\n<ul>\n<li><a href=\"https:\/\/sustaffor.eu\/docs\/Guide_technique_Amendements+Paillages_Coello-Pique_2016_Sustaffor.pdf\">T\u00e9l\u00e9charger en haute d\u00e9finition (30 mb)<\/a><\/li>\n<li><a href=\"https:\/\/sustaffor.eu\/wp-content\/uploads\/2016\/03\/Guide_technique_Amendements+Paillages_Coello-Pique_2016_Sustaffor_Basse-resolution.pdf\" target=\"_blank\">T\u00e9l\u00e9charger en basse d\u00e9finition (3 mb)<\/a><\/li>\n<\/ul>\n<p>Espa\u00f1ol: <b>Acondicionadores y cubiertas del suelo para una plantaci\u00f3n de \u00e1rboles m\u00e1s eficiente y sostenible<\/b><\/p>\n<ul>\n<li><a href=\"https:\/\/sustaffor.eu\/docs\/Guia_tecnica_Acondicionadores+acolchados_Coello-Pique_2016_Sustaffor.pdf\">Descargar en alta definici\u00f3n (30 mb)<\/a><\/li>\n<li><a href=\"https:\/\/sustaffor.eu\/wp-content\/uploads\/2016\/04\/Guia_tecnica_Acondicionadores+acolchados_Coello-Pique_2016_Sustaffor_Baja_resolucion.pdf\" target=\"_blank\">Descargar en baja definici\u00f3n (3 mb)<\/a><\/li>\n<\/ul>\n<p><a href=\"https:\/\/sustaffor.eu\/wp-content\/uploads\/2016\/04\/Guia_tecnica_Acondicionadores+acolchados_Coello-Pique_2016_Sustaffor_Baja-definicion.pdf\" target=\"_blank\"><\/div><\/a><\/p>\n<h3><b>2. Articles (scientific and technical journals, conference proceedings and unpublished papers)<\/b><\/h3>\n<p>A set of 8 articles have been published in scientific and technical publications produced at different geographic scopes.\u00a0<div id=\"3-link-16\" class=\"sh-link 3-link sh-hide\"><a href=\"#\" onclick=\"showhide_toggle('3', 16, 'List of articles', 'List of articles'); return false;\" aria-expanded=\"false\"><span id=\"3-toggle-16\">List of articles<\/span><\/a><\/div><div id=\"3-content-16\" class=\"sh-content 3-content sh-hide\" style=\"display: none;\"><\/p>\n<p>&#8211; Coello J, Piqu\u00e9 M, Rovira P, Fuentes C, Ameztegui A. 2018. <strong>Combining innovative mulches and soil conditioners in mountain afforestation with ash (Fraxinus excelsior L.) in the Pyrenees (NE Spain)<\/strong>. Forest systems 27(3), e017, 13 pages<\/p>\n<p>&#8211; Coello J, Ameztegui A, Rovira P, Fuentes C, Piqu\u00e9 M. 2018. <strong>Innovative soil conditioners and mulches for forest restoration in semiarid conditions in northeast Spain<\/strong>. Ecological engineering 118: 52-65<\/p>\n<p>&#8211; Vitone A, Coello J, Piqu\u00e9 M, Rovira P. 2016. <b>Use of innovative groundcovers in Mediterranean afforestations: aerial and belowground effects in hybrid walnut. <\/b>Annals of Silvicultural Research. 40 (2): 134-147. <a href=\"https:\/\/sustaffor.eu\/wp-content\/uploads\/2016\/11\/Vitone-et-al-2016.pdf\" target=\"_blank\">Download<\/a><\/p>\n<p>&#8211; Coello J, Piqu\u00e9 M, Rovira P, Fuentes C. 2016. <b>Int\u00e9r\u00eat de l\u2019amendement et du paillage pour les plantations foresti\u00e8res en r\u00e9gion m\u00e9diterran\u00e9enne : le projet FP7 Sustaffor<\/b>. For\u00eat-M\u00e9diterran\u00e9ene 37 (1): 25-34. <a href=\"http:\/\/www.foret-mediterraneenne.org\/fr\/publications\/revue-foret-mediterraneenne\">Link to the journal<\/a>.<\/p>\n<p>&#8211; Coello J, Rovira P, Fuentes C, Piqu\u00e9 M. 2016.<b> Eficacia y sostenibilidad en restauraci\u00f3n forestal: nuevos acondicionadores y cubiertas del suelo<\/b>. Proceedings of the III Joint meeting of the Spanish Society of Forest Sciences \u2013 Working Group on Afforestation and the Spanish Association of Land Ecology (Lugo, October 2015). <a href=\"http:\/\/secforestales.org\/publicaciones\/index.php\/cuadernos_secf\/article\/view\/17422\/17223\">Download <\/a>(Spanish)<i><br \/>\n<\/i><\/p>\n<p>&#8211; Coello J, Piqu\u00e9 M. 2016. <b>Condicionadors i cobertes del s\u00f2l per a plantacions forestals m\u00e9s sostenibles i eficients<\/b>. Silvicultura 73: 26-31. <a href=\"http:\/\/cpf.gencat.cat\/web\/.content\/or_organismes\/or04_centre_propietat_forestal\/01_organisme\/publicacions\/revista_silvicultura\/numeros_publicats\/documents\/Silvicultura-73.pdf\">Download <\/a>(Catalan)<\/p>\n<p>&#8211; Coello J, Cortina J, Valdecantos A and Varela E. 2015.\u00a0<b>Forest landscape restoration experiences in southern Europe: sustainable techniques for enhancing early tree performance<\/b>. Unasylva 245, Vol 66(3): 82-90. <a href=\"https:\/\/sustaffor.eu\/wp-content\/uploads\/2013\/12\/Coello-et-al-2015_Unasylva-245.pdf\">Download<\/a><\/p>\n<p>&#8211; Coello J, Rovira P, Fuentes C. and Piqu\u00e9 M. 2015.\u00a0<strong>Proyecto Sustaffor: acondicionadores de suelo y acolchados para plantaciones<\/strong>. Navarra Forestal 37: 35-37. <a href=\"https:\/\/sustaffor.eu\/wp-content\/uploads\/2016\/02\/Sustaffor_NavarraForestal-37__Dec2015.pdf\">Download<\/a> (Spanish)<\/p>\n<p>&#8211; Coello J, Piqu\u00e9 M, Rovira P and Fuentes C. 2015.\u00a0<strong>Innovaci\u00f3 en t\u00e8cniques sostenibles de reforestaci\u00f3<\/strong>. Catalunya Forestal 126: 5-10. <a href=\"https:\/\/sustaffor.eu\/wp-content\/uploads\/2016\/01\/Coello_et_al_CatForestal_126_2015.pdf\">Download <\/a>(Catalan)<\/p>\n<p><strong>&#8211; <\/strong>Coello J, Fuentes C, Piqu\u00e9 M. 2015. <strong>Innovative soil conditioning and mulching techniques for forest restoration in Mediterranean conditions<\/strong>. In: Ivetic V., Stankovic D. (eds.) Proceedings: International conference Reforestation Challenges. 3-6 June 2015, Belgrade, Serbia. Reforesta. 201-210. <a href=\"https:\/\/sustaffor.eu\/wp-content\/uploads\/2013\/12\/Proceedings_Coello-Fuentes-Pique_ReforestationChallenges.pdf\">Download<\/a><strong><\/strong><\/p>\n<p>Unpublished reports:<\/p>\n<p>&#8211; Pere Rovira (CTFC) and Laurent Grasset (CNRS) prepared a report on the main results from Tasks 5.1 and 5.2: soil analyses: evolution of soil organic carbon and soil organic matter fractionation in Sustaffor field trials. Download<\/p>\n<p>&#8211; Luc Ruys (Centexbel) prepared a report on the main results from Task 5.3: Physical properties of groundcover techniques and degradability assessment.\u00a0<a href=\"https:\/\/sustaffor.eu\/wp-content\/uploads\/2016\/02\/Sustaffor_Results_Mulching_Degradation_5.3.pdf\" target=\"_blank\">Download<\/a><\/p>\n<p><\/div><\/p>\n<h3><b>3. <b>Project video<\/b><br \/>\n<\/b><\/h3>\n<p><b>&#8211; Sustaffor in less than 5 minutes<\/b>. A\u00a0video-presentation that summarizes the project aims, techniques and results.<\/p>\n<p><iframe loading=\"lazy\" src=\"https:\/\/www.youtube.com\/embed\/BDV3AtNdWeA\" height=\"236\" width=\"420\" allowfullscreen=\"\" frameborder=\"0\"><\/iframe><\/p>\n<p>&nbsp;<\/p>\n<h3><b>4<b>. <\/b>Individual leaflets describing each novel technique<\/b><\/h3>\n<div id=\"attachment_1284\" style=\"width: 110px\" class=\"wp-caption alignleft\"><a href=\"https:\/\/sustaffor.eu\/wp-content\/uploads\/2013\/12\/TERRACOTTEM_EN.pdf\" target=\"_blank\"><img aria-describedby=\"caption-attachment-1284\" decoding=\"async\" loading=\"lazy\" class=\"size-full wp-image-1284 \" alt=\"Novel soil conditioner (TerraCottem Internacional) \" src=\"https:\/\/sustaffor.eu\/wp-content\/uploads\/2016\/03\/TERRACOTTEM_EN-1.jpg\" width=\"100\" height=\"138\" \/><\/a><p id=\"caption-attachment-1284\" class=\"wp-caption-text\">Novel soil conditioner<br \/>(TerraCottem Internacional)<\/p><\/div>\n<div id=\"attachment_1285\" style=\"width: 110px\" class=\"wp-caption alignleft\"><a href=\"https:\/\/sustaffor.eu\/wp-content\/uploads\/2016\/03\/DTC_EN.pdf\" target=\"_blank\"><img aria-describedby=\"caption-attachment-1285\" decoding=\"async\" loading=\"lazy\" class=\"size-full wp-image-1285\" alt=\"Novel biopolymer-based groundcover (DTC)\" src=\"https:\/\/sustaffor.eu\/wp-content\/uploads\/2016\/03\/DTC_EN-1.jpg\" width=\"100\" height=\"138\" \/><\/a><p id=\"caption-attachment-1285\" class=\"wp-caption-text\">Novel biopolymer-based groundcover<br \/>(DTC)<\/p><\/div>\n<div id=\"attachment_1283\" style=\"width: 110px\" class=\"wp-caption alignleft\"><a href=\"https:\/\/sustaffor.eu\/wp-content\/uploads\/2016\/03\/LA-ZELOISE_EN.pdf\" target=\"_blank\"><img aria-describedby=\"caption-attachment-1283\" decoding=\"async\" loading=\"lazy\" class=\"size-full wp-image-1283\" alt=\"Novel woven jute groundcover (La Zeloise)\" src=\"https:\/\/sustaffor.eu\/wp-content\/uploads\/2016\/03\/LA-ZELOISE_EN-1.jpg\" width=\"100\" height=\"138\" \/><\/a><p id=\"caption-attachment-1283\" class=\"wp-caption-text\">Novel woven jute groundcover<br \/>(La Zeloise)<\/p><\/div>\n<div id=\"attachment_1282\" style=\"width: 110px\" class=\"wp-caption alignleft\"><a href=\"https:\/\/sustaffor.eu\/wp-content\/uploads\/2016\/03\/ECORUB_EN.pdf\" target=\"_blank\"><img aria-describedby=\"caption-attachment-1282\" decoding=\"async\" loading=\"lazy\" class=\"size-full wp-image-1282\" alt=\"Novel recycled rubber groundcover (EcoRub)\" src=\"https:\/\/sustaffor.eu\/wp-content\/uploads\/2016\/03\/ECORUB_EN-1.jpg\" width=\"100\" height=\"138\" \/><\/a><p id=\"caption-attachment-1282\" class=\"wp-caption-text\">Novel recycled rubber groundcover<br \/>(EcoRub)<\/p><\/div>\n<p>&nbsp;<\/p>\n<p>&nbsp;<\/p>\n<p>&nbsp;<\/p>\n<p>&nbsp;<\/p>\n<p>&nbsp;<\/p>\n<p>&nbsp;<\/p>\n<p>&nbsp;<\/p>\n<p>&nbsp;<\/p>\n<p>&nbsp;<\/p>\n<h3><strong>5<b><b>. <\/b><\/b>Other general dissemination products\u00a0<\/strong><\/h3>\n<p>The\u00a0project brochure, project poster and the periodic Newsletters are provided below.<\/p>\n<div id=\"attachment_952\" style=\"width: 185px\" class=\"wp-caption alignleft\"><a href=\"https:\/\/sustaffor.eu\/wp-content\/uploads\/2016\/02\/Sustaffor_Brochure.pdf\" target=\"_blank\"><img aria-describedby=\"caption-attachment-952\" decoding=\"async\" loading=\"lazy\" class=\"size-full wp-image-952\" title=\"Project brochure\" alt=\"fulleto\u0315 sustaffor.indd\" src=\"https:\/\/sustaffor.eu\/wp-content\/uploads\/2013\/12\/Brochure_Sustaffor_EN.jpg\" width=\"175\" height=\"175\" \/><\/a><p id=\"caption-attachment-952\" class=\"wp-caption-text\">Project brochure<\/p><\/div>\n<div id=\"attachment_953\" style=\"width: 95px\" class=\"wp-caption alignleft\"><a href=\"https:\/\/sustaffor.eu\/wp-content\/uploads\/2015\/02\/Roll-up_Sustaffor_EN.pdf\"><img aria-describedby=\"caption-attachment-953\" decoding=\"async\" loading=\"lazy\" class=\"size-full wp-image-953\" title=\"Project Poster\" alt=\"roll-up susatffor 3_ES.indd\" src=\"https:\/\/sustaffor.eu\/wp-content\/uploads\/2013\/12\/Poster_Sustaffor_ES.jpg\" width=\"85\" height=\"200\" \/><\/a><p id=\"caption-attachment-953\" class=\"wp-caption-text\">Project Poster<\/p><\/div>\n<p>&nbsp;<\/p>\n<p>&nbsp;<\/p>\n<p>&nbsp;<\/p>\n<p>&nbsp;<\/p>\n<p>&nbsp;<\/p>\n<p>&nbsp;<\/p>\n<p>&nbsp;<\/p>\n<p>&nbsp;<\/p>\n<p>&nbsp;<\/p>\n<p>The Newsletters:<\/p>\n<div id=\"attachment_773\" style=\"width: 134px\" class=\"wp-caption alignleft\"><a href=\"https:\/\/sustaffor.eu\/wp-content\/uploads\/2014\/08\/Sustaffor_Newsletter1.pdf\" target=\"_blank\"><img aria-describedby=\"caption-attachment-773\" decoding=\"async\" loading=\"lazy\" class=\"size-full wp-image-773\" alt=\"Microsoft Word - Sustaffor_Newsletter1.doc\" src=\"https:\/\/sustaffor.eu\/wp-content\/uploads\/2014\/05\/portada_Sustaffor_Newsletter1.jpg\" width=\"124\" height=\"175\" \/><\/a><p id=\"caption-attachment-773\" class=\"wp-caption-text\">Newsletter 1: Sustaffor project launched!<\/p><\/div>\n<div id=\"attachment_777\" style=\"width: 134px\" class=\"wp-caption alignleft\"><a href=\"https:\/\/sustaffor.eu\/wp-content\/uploads\/2014\/08\/Sustaffor_Newsletter2.pdf\" target=\"_blank\"><img aria-describedby=\"caption-attachment-777\" decoding=\"async\" loading=\"lazy\" class=\"size-full wp-image-777\" alt=\"Microsoft Word - Sustaffor_Newsletter2.doc\" src=\"https:\/\/sustaffor.eu\/wp-content\/uploads\/2014\/02\/portada_Sustaffor_Newsletter2.jpg\" width=\"124\" height=\"175\" \/><\/a><p id=\"caption-attachment-777\" class=\"wp-caption-text\">Newsletter 2: Sustaffor field trials accomplished!<\/p><\/div>\n<div id=\"attachment_777\" style=\"width: 134px\" class=\"wp-caption alignleft\"><a href=\"https:\/\/sustaffor.eu\/wp-content\/uploads\/2015\/03\/Sustaffor_Newsletter3.pdf\" target=\"_blank\"><img aria-describedby=\"caption-attachment-777\" decoding=\"async\" loading=\"lazy\" class=\"size-full wp-image-777\" alt=\"Microsoft Word - Sustaffor_Newsletter2.doc\" src=\"https:\/\/sustaffor.eu\/wp-content\/uploads\/2015\/03\/Sustaffor_Newsletter3_frontpage.jpg\" width=\"124\" height=\"175\" \/><\/a><p id=\"caption-attachment-777\" class=\"wp-caption-text\">Sustaffor_Newsletter3: Sustaffor field trials monitoring<\/p><\/div>\n<div id=\"attachment_1149\" style=\"width: 134px\" class=\"wp-caption alignleft\"><a href=\"https:\/\/sustaffor.eu\/wp-content\/uploads\/2015\/09\/Sustaffor_Newsletter-4.pdf\" target=\"_blank\"><img aria-describedby=\"caption-attachment-1149\" decoding=\"async\" loading=\"lazy\" class=\"size-full wp-image-1149  \" alt=\"Microsoft Word - Sustaffor_Newsletter4\" src=\"https:\/\/sustaffor.eu\/wp-content\/uploads\/2015\/09\/Sustaffor_Newsletter-41.jpg\" width=\"124\" height=\"175\" \/><\/a><p id=\"caption-attachment-1149\" class=\"wp-caption-text\">Sustaffor Newsletter 4: Some preliminary results from the first vegetative period (2014)-July 2015<\/p><\/div>\n<div id=\"attachment_1272\" style=\"width: 137px\" class=\"wp-caption alignleft\"><a href=\"https:\/\/sustaffor.eu\/wp-content\/uploads\/2013\/12\/Sustaffor_Newsletter5.pdf\"><img aria-describedby=\"caption-attachment-1272\" decoding=\"async\" loading=\"lazy\" class=\"size-full wp-image-1272 \" alt=\"SustAffor - Newsletter 5 : Sustaffor comes to an end...here are some of the main conclusions\" src=\"https:\/\/sustaffor.eu\/wp-content\/uploads\/2013\/12\/portadaSustaffor_Newsletter5.jpg\" width=\"127\" height=\"175\" \/><\/a><p id=\"caption-attachment-1272\" class=\"wp-caption-text\">SustAffor &#8211; Newsletter 5 : Sustaffor comes to an end&#8230;here are some of the main conclusions<\/p><\/div>\n","protected":false},"excerpt":{"rendered":"<p>1. Technical guide on soil conditioners and groundcovers Description An illustrated 60-pages manual describing the problems of drought and competing vegetation in tree planting in Europe and the Mediterranean, introducing the most common techniques utilized to control these threats. The<span class=\"ellipsis\">&hellip;<\/span><\/p>\n<div class=\"read-more\"><a href=\"https:\/\/sustaffor.eu\/?page_id=16\">Read more &#8250;<\/a><\/div>\n<p><!-- end of .read-more --><\/p>\n","protected":false},"author":1,"featured_media":0,"parent":0,"menu_order":6,"comment_status":"closed","ping_status":"closed","template":"","meta":{"_mi_skip_tracking":false,"_links_to":"","_links_to_target":""},"_links":{"self":[{"href":"https:\/\/sustaffor.eu\/index.php?rest_route=\/wp\/v2\/pages\/16"}],"collection":[{"href":"https:\/\/sustaffor.eu\/index.php?rest_route=\/wp\/v2\/pages"}],"about":[{"href":"https:\/\/sustaffor.eu\/index.php?rest_route=\/wp\/v2\/types\/page"}],"author":[{"embeddable":true,"href":"https:\/\/sustaffor.eu\/index.php?rest_route=\/wp\/v2\/users\/1"}],"replies":[{"embeddable":true,"href":"https:\/\/sustaffor.eu\/index.php?rest_route=%2Fwp%2Fv2%2Fcomments&post=16"}],"version-history":[{"count":74,"href":"https:\/\/sustaffor.eu\/index.php?rest_route=\/wp\/v2\/pages\/16\/revisions"}],"predecessor-version":[{"id":1413,"href":"https:\/\/sustaffor.eu\/index.php?rest_route=\/wp\/v2\/pages\/16\/revisions\/1413"}],"wp:attachment":[{"href":"https:\/\/sustaffor.eu\/index.php?rest_route=%2Fwp%2Fv2%2Fmedia&parent=16"}],"curies":[{"name":"wp","href":"https:\/\/api.w.org\/{rel}","templated":true}]}}