{"id":818,"date":"2014-12-01T08:15:57","date_gmt":"2014-12-01T08:15:57","guid":{"rendered":"https:\/\/sustaffor.eu\/?page_id=818"},"modified":"2016-07-19T11:53:46","modified_gmt":"2016-07-19T11:53:46","slug":"818-2","status":"publish","type":"page","link":"https:\/\/sustaffor.eu\/?page_id=818","title":{"rendered":"Objetivos"},"content":{"rendered":"<p>El objetivo del proyecto SUSTAFFOR es dise\u00f1ar, producir, desarrollar y validar en el terreno<strong> nuevas t\u00e9cnicas<\/strong> destinadas a mejorar los proyectos de reforestaci\u00f3n \/ plantaci\u00f3n forestal desde un punto de vista ambiental, t\u00e9cnico y econ\u00f3mico, as\u00ed como estudiar las sinergias que se producen entre ellos.\u00a0Estas nuevas t\u00e9cnicas son:<\/p>\n<ul>\n<li>Una nueva generaci\u00f3n de <strong>acondicionadores del suelo<\/strong> (tambi\u00e9n llamados \u201cmejoradores del suelo\u201d): mezcla de diferentes productos que mejoran las propiedades del suelo en el volumen ocupado por las ra\u00edces del \u00e1rbol durante sus primeros a\u00f1os de vida: pol\u00edmeros hidro-absorbentes (absorben agua durante los per\u00edodos h\u00famedos y la liberan durante los per\u00edodos secos), fertilizantes, precursores del crecimiento de la ra\u00edz, etc. Durante el proyecto, se producir\u00e1 una formulaci\u00f3n mejorada de esta tecnolog\u00eda, con el objetivo de reducir la necesidad de aplicar riegos de emergencia.<\/li>\n<\/ul>\n<ul>\n<li>Nuevas <strong>cubiertas del suelo<\/strong> (tambi\u00e9n llamadas acolchados, &#8220;mulching&#8221; o mallas anti-hierbas): impiden el desarrollo de vegetaci\u00f3n competidora y reducen la evaporaci\u00f3n de agua del suelo en la zona ocupada por las ra\u00edces del \u00e1rbol durante los primeros a\u00f1os de la plantaci\u00f3n.\u00a0Los prototipos que se desarrollan durante el proyecto, construidos en Europa, son o bien 100% biodegradables o reutilizables en plantaciones sucesivas.\u00a0Esta t\u00e9cnica pretende ser una alternativa viable a la aplicaci\u00f3n recurrente de herbicidas, desbroces mec\u00e1nicos o a las cubiertas pl\u00e1sticas.<\/li>\n<\/ul>\n<p><span style=\"text-decoration: underline;\">Objetivos t\u00e9cnico-cient\u00edficos\u00a0<\/span><\/p>\n<ul>\n<li>Aumentar la durabilidad, estimando la vida \u00fatil, de las nuevas cubiertas del suelo.<\/li>\n<li>Reducir los costes de producci\u00f3n y utilizaci\u00f3n de las cubiertas del suelo.<\/li>\n<li>Incrementar y cuantificar el efecto positivo de las nuevas t\u00e9cnicas sobre el vigor del \u00e1rbol, as\u00ed como el efecto sin\u00e9rgico de la combinaci\u00f3n de acondicionadores y cubiertas del suelo.<\/li>\n<li>Mejorar y cuantificar el efecto positivo de las nuevas t\u00e9cnicas en las principales caracter\u00edsticas f\u00edsico-qu\u00edmicas del suelo.<\/li>\n<li>Reducir los costes globales de reforestaciones \/ plantaciones forestales durante los primeros 5 a\u00f1os<\/li>\n<\/ul>\n<p><span style=\"text-decoration: underline;\">Objetivos comerciales<\/span><\/p>\n<ul>\n<li>Fortalecer la posici\u00f3n en el mercado de las PYMEs participantes en el proyecto.<\/li>\n<li>Explotaci\u00f3n de los Derechos de Propiedad Intelectual (DPI) de las nuevas t\u00e9cnicas<\/li>\n<li>Crear conciencia sobre los beneficios t\u00e9cnicos y ambientales de los acondicionadores del suelo y las cubiertas biodegradables o reutilizables, entre gestores y profesionales del sector forestal y paisaj\u00edstico.<\/li>\n<\/ul>\n<p><span style=\"text-decoration: underline;\">Objetivos ambientales-sociales<\/span><\/p>\n<ul>\n<li>Utilizaci\u00f3n de pol\u00edmeros libres de acrilamida en los acondicionadores de suelos.<\/li>\n<li>Reducci\u00f3n de las emisiones de carbono relacionadas con el establecimiento y mantenimiento de proyectos de reforestaci\u00f3n \/ plantaci\u00f3n forestal.<\/li>\n<\/ul>\n","protected":false},"excerpt":{"rendered":"<p>El objetivo del proyecto SUSTAFFOR es dise\u00f1ar, producir, desarrollar y validar en el terreno nuevas t\u00e9cnicas destinadas a mejorar los proyectos de reforestaci\u00f3n \/ plantaci\u00f3n forestal desde un punto de vista ambiental, t\u00e9cnico y econ\u00f3mico, as\u00ed como estudiar las sinergias<span class=\"ellipsis\">&hellip;<\/span><\/p>\n<div class=\"read-more\"><a href=\"https:\/\/sustaffor.eu\/?page_id=818\">Read more &#8250;<\/a><\/div>\n<p><!-- end of .read-more --><\/p>\n","protected":false},"author":1,"featured_media":0,"parent":825,"menu_order":0,"comment_status":"closed","ping_status":"open","template":"","meta":{"_mi_skip_tracking":false,"_links_to":"","_links_to_target":""},"_links":{"self":[{"href":"https:\/\/sustaffor.eu\/index.php?rest_route=\/wp\/v2\/pages\/818"}],"collection":[{"href":"https:\/\/sustaffor.eu\/index.php?rest_route=\/wp\/v2\/pages"}],"about":[{"href":"https:\/\/sustaffor.eu\/index.php?rest_route=\/wp\/v2\/types\/page"}],"author":[{"embeddable":true,"href":"https:\/\/sustaffor.eu\/index.php?rest_route=\/wp\/v2\/users\/1"}],"replies":[{"embeddable":true,"href":"https:\/\/sustaffor.eu\/index.php?rest_route=%2Fwp%2Fv2%2Fcomments&post=818"}],"version-history":[{"count":5,"href":"https:\/\/sustaffor.eu\/index.php?rest_route=\/wp\/v2\/pages\/818\/revisions"}],"predecessor-version":[{"id":1364,"href":"https:\/\/sustaffor.eu\/index.php?rest_route=\/wp\/v2\/pages\/818\/revisions\/1364"}],"up":[{"embeddable":true,"href":"https:\/\/sustaffor.eu\/index.php?rest_route=\/wp\/v2\/pages\/825"}],"wp:attachment":[{"href":"https:\/\/sustaffor.eu\/index.php?rest_route=%2Fwp%2Fv2%2Fmedia&parent=818"}],"curies":[{"name":"wp","href":"https:\/\/api.w.org\/{rel}","templated":true}]}}