{"id":828,"date":"2014-12-01T08:24:15","date_gmt":"2014-12-01T08:24:15","guid":{"rendered":"https:\/\/sustaffor.eu\/?page_id=828"},"modified":"2015-10-27T14:45:06","modified_gmt":"2015-10-27T14:45:06","slug":"consorcio","status":"publish","type":"page","link":"https:\/\/sustaffor.eu\/?page_id=828","title":{"rendered":"Consorcio"},"content":{"rendered":"<p><img decoding=\"async\" alt=\"\" src=\"images\/mapa.PNG\" usemap=\"#Map\" border=\"0\" \/><\/p>\n<map id=\"Map\" name=\"Map\">\n<area coords=\"408,162,450,202\" shape=\"rect\" href=\"https:\/\/sustaffor.eu\/?page_id=73\" \/>\n<area coords=\"370,201,449,235\" shape=\"rect\" href=\"https:\/\/sustaffor.eu\/?page_id=96\" \/>\n<area coords=\"342,273,384,317\" shape=\"rect\" href=\"https:\/\/sustaffor.eu\/?page_id=120\" \/>\n<area coords=\"481,144,518,183\" shape=\"rect\" href=\"https:\/\/sustaffor.eu\/?page_id=122\" \/>\n<area coords=\"499,200,571,244\" shape=\"rect\" href=\"https:\/\/sustaffor.eu\/?page_id=98\" \/>\n<area coords=\"652,111,729,168\" shape=\"rect\" href=\"https:\/\/sustaffor.eu\/?page_id=102\" \/>\n<area coords=\"356,389,427,420\" shape=\"rect\" href=\"https:\/\/sustaffor.eu\/?page_id=124\" \/>\n<area coords=\"235,371,308,431\" shape=\"rect\" href=\"https:\/\/sustaffor.eu\/?page_id=104\" \/>\n<area coords=\"333,438,403,475\" shape=\"rect\" href=\"https:\/\/sustaffor.eu\/?page_id=118\" \/>\n<area coords=\"160,573,235,618\" shape=\"rect\" href=\"https:\/\/sustaffor.eu\/?page_id=100\" \/><\/map>\n<h3>SMEs<\/h3>\n<table width=\"100%\" border=\"0\">\n<tbody>\n<tr>\n<td width=\"25%\"><a title=\"TerraCottem Internacional SL\" href=\"https:\/\/sustaffor.eu\/?page_id=874\"><img decoding=\"async\" loading=\"lazy\" class=\"alignnone size-full wp-image-63\" alt=\"Terracottem_triar_un\" src=\"https:\/\/sustaffor.eu\/wp-content\/uploads\/2013\/12\/Terracottem_triar_un1.jpg\" width=\"180\" height=\"118\" \/><\/a><b><\/b><\/td>\n<td><b>TerraCottem Internacional SL<\/b>\u00a0(Espa\u00f1a): desarrollador y distribuidor de la tecnolog\u00eda de acondicionamiento de suelos TerraCottem, una mezcla registrada de pol\u00edmeros, fertilizantes, precursores de crecimiento y material de soporte que es \u00fanico por su efecto sin\u00e9rgico;\u00a0esta t\u00e9cnica estimula el crecimiento de la planta, aumenta la capacidad de los suelos y medios de cultivo para retener y proporcionar agua y nutrientes a las plantas reduciendo la cantidad de agua de riego en aplicaciones forestales y \u00a0c\u00e9spedes.\u00a0Durante el proyecto, esta PYME desarrolla una nueva formulaci\u00f3n de esta tecnolog\u00eda con un nuevo pol\u00edmero de alto rendimiento.<\/td>\n<\/tr>\n<tr>\n<td width=\"25%\"><a title=\"D.T.C.\" href=\"https:\/\/sustaffor.eu\/?page_id=876\"><img decoding=\"async\" loading=\"lazy\" class=\"alignleft size-full wp-image-323\" alt=\"DTC2\" src=\"https:\/\/sustaffor.eu\/wp-content\/uploads\/2013\/12\/DTC2.jpg\" width=\"180\" height=\"111\" \/><\/a><\/td>\n<td width=\"78%\"><b>DTC<\/b>\u00a0(B\u00e9lgica): experto en la fabricaci\u00f3n de pl\u00e1sticos y biopl\u00e1sticos especializados mediante inyecci\u00f3n en molde;\u00a0durante Sustaffor esta PYME desarrolla dos prototipos de acolchado 100%\u00a0 biodegradables basados en un biopol\u00edmero<\/td>\n<\/tr>\n<tr>\n<td width=\"25%\">\u00a0<a title=\"La Zeloise NV\" href=\"https:\/\/sustaffor.eu\/?page_id=878\"><img decoding=\"async\" loading=\"lazy\" class=\"alignnone size-full wp-image-58\" alt=\"La_Zeloise_logo\" src=\"https:\/\/sustaffor.eu\/wp-content\/uploads\/2013\/12\/La_Zeloise_logo.png\" width=\"180\" height=\"78\" \/><\/a><\/td>\n<td><b>La Zeloise NV<\/b> (B\u00e9lgica): PYME especializada en productos de fibra natural, especialmente yute reciclado, y en su tratamiento con t\u00e9cnicas innovadoras para conseguir propiedades mejoradas. Durante el proyecto, La Zeloise NV desarrolla un nuevo acolchado100% biodegradable fabricado con yute tejido, tratado con resina fur\u00e1nica de origen biol\u00f3gico.<\/td>\n<\/tr>\n<tr>\n<td width=\"25%\" height=\"23\">\u00a0<a title=\"EcoRub BVBA\" href=\"https:\/\/sustaffor.eu\/?page_id=880\"><img decoding=\"async\" loading=\"lazy\" class=\"alignnone size-full wp-image-61\" alt=\"EcoRub\" src=\"https:\/\/sustaffor.eu\/wp-content\/uploads\/2013\/12\/EcoRub.jpg\" width=\"180\" height=\"82\" \/><\/a><b><\/b><\/td>\n<td><b>EcoRub BVBA (B\u00e9lgica)<\/b>: PYME productora de productos auxiliares de uso agr\u00edcola y forestal\u00a0 con base de goma reciclada procedente de neum\u00e1ticos y cintas transportadoras gastados. Esta empresa desarrolla un nuevo acolchado de larga durabilidad, reutilizable en sucesivos proyectos de plantaciones.\u00a0<b><\/b><\/td>\n<\/tr>\n<tr>\n<td width=\"25%\">\u00a0<a title=\"Terrezu SL\" href=\"https:\/\/sustaffor.eu\/?page_id=882\"><img decoding=\"async\" loading=\"lazy\" class=\"alignnone size-full wp-image-64\" alt=\"Terrezu\" src=\"https:\/\/sustaffor.eu\/wp-content\/uploads\/2013\/12\/Terrezu.jpg\" width=\"180\" height=\"140\" \/><\/a><b><b><\/b><\/b><\/td>\n<td><b>Terrezu SL<\/b>\u00a0(Espa\u00f1a): esta PYME tiene una vasta experiencia en la implementaci\u00f3n de soluciones innovadoras y sostenibles para el paisajismo y la restauraci\u00f3n de los bosques en el sur de Europa.\u00a0Durante Sustaffor Terrezu SL coordinar\u00e1 las actividades de las PYMES, proporcionando asesoramiento sobre el potencial de las nuevas t\u00e9cnicas en zonas Mediterr\u00e1neas y en condiciones de monta\u00f1a.<\/td>\n<\/tr>\n<tr>\n<td width=\"25%\">\u00a0<a title=\"Ceres International Sp\" href=\"https:\/\/sustaffor.eu\/?page_id=884\"><img decoding=\"async\" loading=\"lazy\" class=\"alignnone size-full wp-image-53\" alt=\"Ceres\" src=\"https:\/\/sustaffor.eu\/wp-content\/uploads\/2013\/12\/Ceres.jpg\" width=\"180\" height=\"125\" \/><\/a><\/td>\n<td><b>Ceres International Sp.<\/b>\u00a0 (Polonia): PYME que se dedica a la comercializaci\u00f3n de productos innovadores para los sectores hort\u00edcola, forestal y de viver\u00edstica en Europa central y oriental. Esta empresa asesorar\u00e1 a las PYMES productoras de nuevas t\u00e9cnicas sobre los requisitos t\u00e9cnicos y el potencial de comercializaci\u00f3n en los mercados de Europa central y oriental.<\/td>\n<\/tr>\n<tr>\n<td colspan=\"2\">\n<h3>RTD\u00a0(Centros de I+D)<\/h3>\n<p>Los cuatro RTD son el\u00a0\u00a0<em>Centro Tecnol\u00f3gico Forestal\u00a0 de Catalu\u00f1a<\/em>\u00a0(<b>CTFC<\/b>, Espa\u00f1a), coordinador del proyecto y director de las actividades cient\u00edficas y t\u00e9cnicas;\u00a0<i>Centre National de la Recherche Scientifique<\/i>\u00a0(<b>CNRS<\/b>, Francia), que estudiar\u00e1 los cambios bioqu\u00edmicos en la materia org\u00e1nica del suelo en los ensayos de campo;\u00a0Centro de Investigaci\u00f3n Textil Belga (<b>Centexbel<\/b>, B\u00e9lgica), que estudiar\u00e1 la resistencia y durabilidad de las nuevas t\u00e9cnicas y\u00a0<b>EDMA Innova<\/b>\u00a0(Espa\u00f1a), que participa en el dise\u00f1o y aplicaci\u00f3n de la metodolog\u00eda de toma de datos de los ensayos de campo.<\/td>\n<\/tr>\n<tr>\n<td colspan=\"2\">\u00a0\u00a0<a title=\"Centro Tecnol\u00f3gico Forestal de Catalu\u00f1a\" href=\"https:\/\/sustaffor.eu\/?page_id=886\"><img decoding=\"async\" loading=\"lazy\" class=\"alignleft size-full wp-image-331\" alt=\"ctfc2\" src=\"https:\/\/sustaffor.eu\/wp-content\/uploads\/2013\/12\/ctfc2.png\" width=\"210\" height=\"101\" \/><\/a><a title=\"Centre National de la Recherche Scientifique\" href=\"https:\/\/sustaffor.eu\/?page_id=888\"><img decoding=\"async\" loading=\"lazy\" class=\"alignleft size-large wp-image-282\" style=\"margin-left: 10px;\" alt=\"CNRS2\" src=\"https:\/\/sustaffor.eu\/wp-content\/uploads\/2013\/12\/CNRS2.jpg\" width=\"140\" height=\"140\" \/><\/a><a title=\"Centre Scientifique &amp; Technique de l\u2019Industrie Textile Belge\" href=\"https:\/\/sustaffor.eu\/?page_id=890\"><img decoding=\"async\" loading=\"lazy\" class=\"alignleft size-full wp-image-281\" style=\"margin-left: 10px;\" alt=\"Centexbel2\" src=\"https:\/\/sustaffor.eu\/wp-content\/uploads\/2013\/12\/Centexbel2.jpg\" width=\"140\" height=\"140\" \/><\/a><a title=\"EDMA Innova SL\" href=\"https:\/\/sustaffor.eu\/?page_id=892\"><img decoding=\"async\" loading=\"lazy\" class=\"alignleft size-full wp-image-57\" style=\"margin-left: 10px;\" alt=\"Edma\" src=\"https:\/\/sustaffor.eu\/wp-content\/uploads\/2013\/12\/Edma.jpg\" width=\"180\" height=\"74\" \/><\/a><\/td>\n<\/tr>\n<\/tbody>\n<\/table>\n<div id=\"attachment_719\" style=\"width: 2010px\" class=\"wp-caption aligncenter\"><img aria-describedby=\"caption-attachment-719\" decoding=\"async\" loading=\"lazy\" class=\"size-full wp-image-719 \" alt=\"Participantes en la tercera reuni\u00f3n de coordinaci\u00f3n en Solsona - agosto 2014\" src=\"https:\/\/sustaffor.eu\/wp-content\/uploads\/2014\/08\/IMG_0148-e1409139307661.jpg\" width=\"2000\" height=\"1500\" \/><p id=\"caption-attachment-719\" class=\"wp-caption-text\">Participantes en la tercera reuni\u00f3n de coordinaci\u00f3n en Solsona &#8211; agosto 2014<\/p><\/div>\n","protected":false},"excerpt":{"rendered":"<p>SMEs TerraCottem Internacional SL\u00a0(Espa\u00f1a): desarrollador y distribuidor de la tecnolog\u00eda de acondicionamiento de suelos TerraCottem, una mezcla registrada de pol\u00edmeros, fertilizantes, precursores de crecimiento y material de soporte que es \u00fanico por su efecto sin\u00e9rgico;\u00a0esta t\u00e9cnica estimula el crecimiento de<span class=\"ellipsis\">&hellip;<\/span><\/p>\n<div class=\"read-more\"><a href=\"https:\/\/sustaffor.eu\/?page_id=828\">Read more &#8250;<\/a><\/div>\n<p><!-- end of .read-more --><\/p>\n","protected":false},"author":1,"featured_media":0,"parent":0,"menu_order":2,"comment_status":"closed","ping_status":"closed","template":"full-width-page.php","meta":{"_mi_skip_tracking":false,"_links_to":"","_links_to_target":""},"_links":{"self":[{"href":"https:\/\/sustaffor.eu\/index.php?rest_route=\/wp\/v2\/pages\/828"}],"collection":[{"href":"https:\/\/sustaffor.eu\/index.php?rest_route=\/wp\/v2\/pages"}],"about":[{"href":"https:\/\/sustaffor.eu\/index.php?rest_route=\/wp\/v2\/types\/page"}],"author":[{"embeddable":true,"href":"https:\/\/sustaffor.eu\/index.php?rest_route=\/wp\/v2\/users\/1"}],"replies":[{"embeddable":true,"href":"https:\/\/sustaffor.eu\/index.php?rest_route=%2Fwp%2Fv2%2Fcomments&post=828"}],"version-history":[{"count":3,"href":"https:\/\/sustaffor.eu\/index.php?rest_route=\/wp\/v2\/pages\/828\/revisions"}],"predecessor-version":[{"id":897,"href":"https:\/\/sustaffor.eu\/index.php?rest_route=\/wp\/v2\/pages\/828\/revisions\/897"}],"wp:attachment":[{"href":"https:\/\/sustaffor.eu\/index.php?rest_route=%2Fwp%2Fv2%2Fmedia&parent=828"}],"curies":[{"name":"wp","href":"https:\/\/api.w.org\/{rel}","templated":true}]}}