{"id":833,"date":"2014-12-01T08:29:28","date_gmt":"2014-12-01T08:29:28","guid":{"rendered":"https:\/\/sustaffor.eu\/?page_id=833"},"modified":"2014-12-02T10:42:36","modified_gmt":"2014-12-02T10:42:36","slug":"acondicionadores-del-suelo","status":"publish","type":"page","link":"https:\/\/sustaffor.eu\/?page_id=833","title":{"rendered":"Acondicionadores del suelo"},"content":{"rendered":"<p>Los acondicionadores de suelo son una mezcla de diferentes productos destinados a mejorar las propiedades del suelo en el volumen ocupado por las ra\u00edces del \u00e1rbol durante los primeros a\u00f1os: pol\u00edmeros hidro-absorbentes (que absorben agua durante los per\u00edodos h\u00famedos y la liberan durante los per\u00edodos secos), fertilizantes, precursores de crecimiento de la ra\u00edz, etc. Esta t\u00e9cnica pretende reducir la necesidad de aplicaci\u00f3n de riegos de emergencia durante los primeros a\u00f1os de la plantaci\u00f3n.<\/p>\n<p>Durante el proyecto,\u00a0<a title=\"TerraCottem Internacional SL\" href=\"https:\/\/sustaffor.eu\/?page_id=874\"><b>TerraCottem Internacional<\/b><\/a>\u00a0desarrollar\u00e1 una versi\u00f3n innovadora del producto\u00a0<i>TerraCottem Universal\u00ae,<\/i>\u00a0que incluir\u00e1 un nuevo pol\u00edmero hidro-absorbente de alto rendimiento en una mezcla mejorada.<\/p>\n<div id=\"attachment_454\" style=\"width: 560px\" class=\"wp-caption aligncenter\"><a href=\"https:\/\/sustaffor.eu\/wp-content\/uploads\/2013\/12\/1.TCU+.jpg\"><img aria-describedby=\"caption-attachment-454\" decoding=\"async\" loading=\"lazy\" class=\"size-large wp-image-454\" alt=\"TerraCottem universal PLUS, un nuevo acondicionador del suelo\" src=\"https:\/\/sustaffor.eu\/wp-content\/uploads\/2013\/12\/1.TCU+-1024x768.jpg\" width=\"550\" height=\"412\" srcset=\"https:\/\/sustaffor.eu\/wp-content\/uploads\/2013\/12\/1.TCU+-1024x768.jpg 1024w, https:\/\/sustaffor.eu\/wp-content\/uploads\/2013\/12\/1.TCU+-300x225.jpg 300w, https:\/\/sustaffor.eu\/wp-content\/uploads\/2013\/12\/1.TCU+.jpg 1405w\" sizes=\"(max-width: 550px) 100vw, 550px\" \/><\/a><p id=\"caption-attachment-454\" class=\"wp-caption-text\">TerraCottem universal PLUS, un nuevo acondicionador del suelo<\/p><\/div>\n","protected":false},"excerpt":{"rendered":"<p>Los acondicionadores de suelo son una mezcla de diferentes productos destinados a mejorar las propiedades del suelo en el volumen ocupado por las ra\u00edces del \u00e1rbol durante los primeros a\u00f1os: pol\u00edmeros hidro-absorbentes (que absorben agua durante los per\u00edodos h\u00famedos y<span class=\"ellipsis\">&hellip;<\/span><\/p>\n<div class=\"read-more\"><a href=\"https:\/\/sustaffor.eu\/?page_id=833\">Read more &#8250;<\/a><\/div>\n<p><!-- end of .read-more --><\/p>\n","protected":false},"author":1,"featured_media":0,"parent":830,"menu_order":51,"comment_status":"closed","ping_status":"open","template":"","meta":{"_mi_skip_tracking":false,"_links_to":"","_links_to_target":""},"_links":{"self":[{"href":"https:\/\/sustaffor.eu\/index.php?rest_route=\/wp\/v2\/pages\/833"}],"collection":[{"href":"https:\/\/sustaffor.eu\/index.php?rest_route=\/wp\/v2\/pages"}],"about":[{"href":"https:\/\/sustaffor.eu\/index.php?rest_route=\/wp\/v2\/types\/page"}],"author":[{"embeddable":true,"href":"https:\/\/sustaffor.eu\/index.php?rest_route=\/wp\/v2\/users\/1"}],"replies":[{"embeddable":true,"href":"https:\/\/sustaffor.eu\/index.php?rest_route=%2Fwp%2Fv2%2Fcomments&post=833"}],"version-history":[{"count":3,"href":"https:\/\/sustaffor.eu\/index.php?rest_route=\/wp\/v2\/pages\/833\/revisions"}],"predecessor-version":[{"id":905,"href":"https:\/\/sustaffor.eu\/index.php?rest_route=\/wp\/v2\/pages\/833\/revisions\/905"}],"up":[{"embeddable":true,"href":"https:\/\/sustaffor.eu\/index.php?rest_route=\/wp\/v2\/pages\/830"}],"wp:attachment":[{"href":"https:\/\/sustaffor.eu\/index.php?rest_route=%2Fwp%2Fv2%2Fmedia&parent=833"}],"curies":[{"name":"wp","href":"https:\/\/api.w.org\/{rel}","templated":true}]}}