{"id":836,"date":"2014-12-01T09:00:05","date_gmt":"2014-12-01T09:00:05","guid":{"rendered":"https:\/\/sustaffor.eu\/?page_id=836"},"modified":"2016-07-19T12:02:03","modified_gmt":"2016-07-19T12:02:03","slug":"alcolchados-munch","status":"publish","type":"page","link":"https:\/\/sustaffor.eu\/?page_id=836","title":{"rendered":"Cubiertas del suelo"},"content":{"rendered":"<p>Las cubiertas del suelo o acolchados tienen por objetivo impedir el establecimiento de vegetaci\u00f3n competidora en el \u00e1rea de suelo ocupado por las ra\u00edces de los \u00e1rboles, lo que reduce la necesidad de aplicar desbroces y la evaporaci\u00f3n de agua del suelo. Durante el proyecto, se desarrollan cuatro modelos diferentes de cubiertas:<\/p>\n<ul>\n<li>Cubierta 100% biodegradable, consistente en un marco de biopl\u00e1stico, basada en una nueva formulaci\u00f3n de biopol\u00edmeros, fusionado a una l\u00e1mina de biopl\u00e1stico flexible;\u00a0desarrollada por\u00a0<a title=\"D.T.C.\" href=\"https:\/\/sustaffor.eu\/?page_id=876\"><strong>DTC<\/strong><\/a>\u00a0.<\/li>\n<\/ul>\n<p><a href=\"https:\/\/sustaffor.eu\/wp-content\/uploads\/2013\/12\/2.Biodegradable_framed_mulch_DTC.jpg\"><img decoding=\"async\" loading=\"lazy\" class=\"aligncenter size-large wp-image-478\" alt=\"2.Biodegradable_framed_mulch_DTC\" src=\"https:\/\/sustaffor.eu\/wp-content\/uploads\/2013\/12\/2.Biodegradable_framed_mulch_DTC-1024x768.jpg\" width=\"550\" height=\"412\" srcset=\"https:\/\/sustaffor.eu\/wp-content\/uploads\/2013\/12\/2.Biodegradable_framed_mulch_DTC-1024x768.jpg 1024w, https:\/\/sustaffor.eu\/wp-content\/uploads\/2013\/12\/2.Biodegradable_framed_mulch_DTC-300x225.jpg 300w\" sizes=\"(max-width: 550px) 100vw, 550px\" \/><\/a><\/p>\n<ul>\n<li>Cubierta 100% biodegradable semirr\u00edgida, basada en una nueva formulaci\u00f3n de biopol\u00edmeros, desarrollada por\u00a0<a title=\"D.T.C.\" href=\"https:\/\/sustaffor.eu\/?page_id=876\"><strong>DTC<\/strong><\/a>\u00a0.<\/li>\n<\/ul>\n<p><a href=\"https:\/\/sustaffor.eu\/wp-content\/uploads\/2013\/12\/3.Biodegradable_rigid_mulch_DTC1.jpg\"><img decoding=\"async\" loading=\"lazy\" class=\"aligncenter size-large wp-image-480\" alt=\"3.Biodegradable_rigid_mulch_DTC\" src=\"https:\/\/sustaffor.eu\/wp-content\/uploads\/2013\/12\/3.Biodegradable_rigid_mulch_DTC1-1024x682.jpg\" width=\"550\" height=\"366\" srcset=\"https:\/\/sustaffor.eu\/wp-content\/uploads\/2013\/12\/3.Biodegradable_rigid_mulch_DTC1-1024x682.jpg 1024w, https:\/\/sustaffor.eu\/wp-content\/uploads\/2013\/12\/3.Biodegradable_rigid_mulch_DTC1-300x200.jpg 300w\" sizes=\"(max-width: 550px) 100vw, 550px\" \/><\/a><\/p>\n<ul>\n<li>Cubierta 100% biodegradable hecha con fibra de yute tejida, tratada con resina fur\u00e1nica de origen org\u00e1nico para una mayor durabilidad, desarrollada por\u00a0<a title=\"La Zeloise NV\" href=\"https:\/\/sustaffor.eu\/?page_id=878\"><strong>La Zeloise NV<\/strong><\/a>\u00a0.<\/li>\n<\/ul>\n<p><a href=\"https:\/\/sustaffor.eu\/wp-content\/uploads\/2013\/12\/4.Biodegradable_Jute_La-Zeloise.jpg\"><img decoding=\"async\" loading=\"lazy\" class=\"aligncenter size-large wp-image-471\" alt=\"4.Biodegradable_Jute_La-Zeloise\" src=\"https:\/\/sustaffor.eu\/wp-content\/uploads\/2013\/12\/4.Biodegradable_Jute_La-Zeloise-1024x768.jpg\" width=\"550\" height=\"412\" srcset=\"https:\/\/sustaffor.eu\/wp-content\/uploads\/2013\/12\/4.Biodegradable_Jute_La-Zeloise-1024x768.jpg 1024w, https:\/\/sustaffor.eu\/wp-content\/uploads\/2013\/12\/4.Biodegradable_Jute_La-Zeloise-300x225.jpg 300w, https:\/\/sustaffor.eu\/wp-content\/uploads\/2013\/12\/4.Biodegradable_Jute_La-Zeloise.jpg 1536w\" sizes=\"(max-width: 550px) 100vw, 550px\" \/><\/a><\/p>\n<ul>\n<li>Cubierta fabricada en goma reciclada (procedente de neum\u00e1ticos y cintas transportadoras gastados), reutilizable en sucesivos proyectos de plantaci\u00f3n, desarrollada por\u00a0<a title=\"EcoRub BVBA\" href=\"https:\/\/sustaffor.eu\/?page_id=880\"><strong>EcoRub bvba<\/strong><\/a>\u00a0.<\/li>\n<\/ul>\n<p>&nbsp;<\/p>\n<p style=\"text-align: center;\"><a href=\"https:\/\/sustaffor.eu\/wp-content\/uploads\/2013\/12\/5.Reusable_gum_mulch_EcoRub-Sustaffor1.jpg\"><img decoding=\"async\" loading=\"lazy\" class=\"aligncenter\" alt=\"5.Reusable_gum_mulch_EcoRub-Sustaffor\" src=\"https:\/\/sustaffor.eu\/wp-content\/uploads\/2013\/12\/5.Reusable_gum_mulch_EcoRub-Sustaffor1-1024x768.jpg\" width=\"550\" height=\"412\" \/><\/a><\/p>\n<p>Todas estas t\u00e9cnicas se producen en Europa y los productos est\u00e1n fabricados principalmente con materiales residuales.<\/p>\n","protected":false},"excerpt":{"rendered":"<p>Las cubiertas del suelo o acolchados tienen por objetivo impedir el establecimiento de vegetaci\u00f3n competidora en el \u00e1rea de suelo ocupado por las ra\u00edces de los \u00e1rboles, lo que reduce la necesidad de aplicar desbroces y la evaporaci\u00f3n de agua<span class=\"ellipsis\">&hellip;<\/span><\/p>\n<div class=\"read-more\"><a href=\"https:\/\/sustaffor.eu\/?page_id=836\">Read more &#8250;<\/a><\/div>\n<p><!-- end of .read-more --><\/p>\n","protected":false},"author":1,"featured_media":0,"parent":830,"menu_order":52,"comment_status":"closed","ping_status":"open","template":"","meta":{"_mi_skip_tracking":false,"_links_to":"","_links_to_target":""},"_links":{"self":[{"href":"https:\/\/sustaffor.eu\/index.php?rest_route=\/wp\/v2\/pages\/836"}],"collection":[{"href":"https:\/\/sustaffor.eu\/index.php?rest_route=\/wp\/v2\/pages"}],"about":[{"href":"https:\/\/sustaffor.eu\/index.php?rest_route=\/wp\/v2\/types\/page"}],"author":[{"embeddable":true,"href":"https:\/\/sustaffor.eu\/index.php?rest_route=\/wp\/v2\/users\/1"}],"replies":[{"embeddable":true,"href":"https:\/\/sustaffor.eu\/index.php?rest_route=%2Fwp%2Fv2%2Fcomments&post=836"}],"version-history":[{"count":5,"href":"https:\/\/sustaffor.eu\/index.php?rest_route=\/wp\/v2\/pages\/836\/revisions"}],"predecessor-version":[{"id":1370,"href":"https:\/\/sustaffor.eu\/index.php?rest_route=\/wp\/v2\/pages\/836\/revisions\/1370"}],"up":[{"embeddable":true,"href":"https:\/\/sustaffor.eu\/index.php?rest_route=\/wp\/v2\/pages\/830"}],"wp:attachment":[{"href":"https:\/\/sustaffor.eu\/index.php?rest_route=%2Fwp%2Fv2%2Fmedia&parent=836"}],"curies":[{"name":"wp","href":"https:\/\/api.w.org\/{rel}","templated":true}]}}