{"id":840,"date":"2014-12-01T09:09:04","date_gmt":"2014-12-01T09:09:04","guid":{"rendered":"https:\/\/sustaffor.eu\/?page_id=840"},"modified":"2016-07-19T12:08:38","modified_gmt":"2016-07-19T12:08:38","slug":"desarrollo-de-nuevas-tecnicas-wp2","status":"publish","type":"page","link":"https:\/\/sustaffor.eu\/?page_id=840","title":{"rendered":"Desarrollo de nuevas t\u00e9cnicas (WP2)"},"content":{"rendered":"<p>Objetivos:<\/p>\n<ul>\n<li>Desarrollar <b>nuevas t\u00e9cnicas<\/b>\u00a0destinadas a una mejora t\u00e9cnica, econ\u00f3mica y ambiental de las principales propiedades del suelo, incluyendo la din\u00e1mica del agua, la fertilidad y materia org\u00e1nica y las propiedades f\u00edsicas.<\/li>\n<li>Desarrollar, evaluar y producir\u00a0<b>nuevas cubiertas del suelo<\/b>\u00a0(mulch), que cumplan los siguientes requisitos: buena relaci\u00f3n coste-eficacia, producidos a partir de materias primas de bajo coste, producidas localmente, preferiblemente construidas con materiales residuales y con durabilidad conocida.\u00a0Las nuevas t\u00e9cnicas deben ser 100% biodegradables (siendo inocuas para el medio) o bien extremadamente duraderas, de modo que pudieran ser utilizadas varias veces.<\/li>\n<\/ul>\n<p>Tareas:<\/p>\n<ul>\n<li><a href=\"#\">[&#8220;2.1: Definici\u00f3n de requisitos para las nuevas t\u00e9cnicas, para un rendimiento \u00f3ptimo en reforestaci\u00f3n (PYMEs, CENTEXBEL, CTFC)&#8221;,&#8221;2.1: Definici\u00f3n de requisitos para las nuevas t\u00e9cnicas, para un rendimiento \u00f3ptimo en reforestaci\u00f3n (PYMEs, CENTEXBEL, CTFC)&#8221;]<\/a><\/li>\n<\/ul>\n<div id=\"21\">\n<p style=\"padding-left: 30px;\">Las nuevas t\u00e9cnicas a desarrollar y evaluar pretenden mejorar la relaci\u00f3n coste-eficacia de las mejores t\u00e9cnicas disponibles actualmente en el mercado.\u00a0Para ello, es fundamental conseguir un equilibrio adecuado entre la infiltraci\u00f3n de agua, la mitigaci\u00f3n de la evaporaci\u00f3n del agua del suelo y la transpiraci\u00f3n.\u00a0Las t\u00e9cnicas deben permitir que el agua de un episodio ligero de precipitaci\u00f3n pueda llegar al suelo.\u00a0Tambi\u00e9n se debe conseguir un equilibrio satisfactorio entre absorci\u00f3n y reflexi\u00f3n de radiaci\u00f3n UV e infrarroja que resulte en una temperatura adecuada del suelo.<\/p>\n<p style=\"padding-left: 30px;\">En esta primera tarea preparatoria se tienen en cuenta estos requisitos para la elaboraci\u00f3n de \u00a0los nuevos acondicionadores del suelo y mulches, dando como resultado una serie de modelos evaluados en la Tarea 2.2.<\/p>\n<\/div>\n<ul>\n<li><a href=\"#\">[&#8220;2.2: Estudio de optimizaci\u00f3n de la composici\u00f3n de las nuevas t\u00e9cnicas (DTC, La Zeloise, Ecorub, Terracottem CENTEXBEL)&#8221;,&#8221;2.2: Estudio de optimizaci\u00f3n de la composici\u00f3n de las nuevas t\u00e9cnicas (DTC, La Zeloise, Ecorub, Terracottem CENTEXBEL)&#8221;]<\/a><\/li>\n<\/ul>\n<div id=\"22\">\n<p style=\"padding-left: 30px;\">Durante la tarea anterior cada SME productora (<a title=\"D.T.C.\" href=\"https:\/\/sustaffor.eu\/?page_id=876\">DTC<\/a>,\u00a0<a title=\"La Zeloise NV\" href=\"https:\/\/sustaffor.eu\/?page_id=878\">La Zeloise<\/a>,\u00a0<a title=\"EcoRub BVBA\" href=\"https:\/\/sustaffor.eu\/?page_id=880\">Ecorub<\/a>,\u00a0<a title=\"TerraCottem Internacional SL\" href=\"https:\/\/sustaffor.eu\/?page_id=874\">Terracottem<\/a>) desarrolla una serie de modelos de sus nuevas t\u00e9cnicas que son posteriormente analizadas y optimizadas para decidir qu\u00e9 versi\u00f3n ser\u00e1 la utilizada en los ensayos de campo (WP3). Para cada producto individual se define la composici\u00f3n y formato \u00f3ptimos.<\/p>\n<p>&nbsp;<\/p>\n<p style=\"padding-left: 30px;\"><span style=\"text-decoration: underline;\">A.\u00a0Nuevo acondicionador del suelo libre de acrilamida: TCUplus\u00a0<\/span><span style=\"text-decoration: underline;\"><sup>\u00ae<\/sup><\/span><span style=\"text-decoration: underline;\">\u00a0<\/span><span style=\"text-decoration: underline;\">\u00a0 por\u00a0<a title=\"TerraCottem Internacional SL\" href=\"https:\/\/sustaffor.eu\/?page_id=874\">TerraCottem Internacional<\/a><\/span><\/p>\n<p style=\"padding-left: 30px;\">Aunque se ha demostrado que la versi\u00f3n del acondicionador del suelo Terracottem TCU\u00a0<sup>\u00ae<\/sup>\u00a0aumenta el crecimiento de las plantas y no tiene efectos ecol\u00f3gicos negativos, la utilizaci\u00f3n de productos basados parcialmente en poliacrilamida es un factor limitante para acceder a ciertos mercados.\u00a0Aunque el pol\u00edmero (poliacrilamida) es totalmente seguro, el mon\u00f3mero (acrilamida) del que se compone puede generar algunos impactos ecol\u00f3gicos negativos.<\/p>\n<p style=\"padding-left: 30px;\">En base a un programa intensivo de reformulaci\u00f3n se ha desarrollado una nueva versi\u00f3n del acondicionador del suelo, libre de poliacrilamida, y que mantiene o incluso mejora las propiedades de la versi\u00f3n de referencia Terracottem TCU. Despu\u00e9s del an\u00e1lisis qu\u00edmico de una docena de formulaciones, se realizan una serie de ensayos en invernadero, para evaluar su funcionamiento.<\/p>\n<p style=\"padding-left: 30px;\">Bas\u00e1ndose en este estudio, se fabrica una formulaci\u00f3n optimizada, codificada como TCUplus, que es la utilizada en los ensayos de campo, una vez realizados los controles de calidad.<\/p>\n<div id=\"attachment_763\" style=\"width: 366px\" class=\"wp-caption aligncenter\"><img aria-describedby=\"caption-attachment-763\" decoding=\"async\" loading=\"lazy\" class=\"size-full wp-image-763  \" alt=\"Nuevo acondicionador del suelo TCUplus\" src=\"https:\/\/sustaffor.eu\/wp-content\/uploads\/2014\/09\/a.jpg\" width=\"356\" height=\"260\" srcset=\"https:\/\/sustaffor.eu\/wp-content\/uploads\/2014\/09\/a.jpg 356w, https:\/\/sustaffor.eu\/wp-content\/uploads\/2014\/09\/a-300x219.jpg 300w\" sizes=\"(max-width: 356px) 100vw, 356px\" \/><p id=\"caption-attachment-763\" class=\"wp-caption-text\">Nuevo acondicionador del suelo TCUplus<\/p><\/div>\n<p style=\"padding-left: 30px;\"><span style=\"text-decoration: underline;\">\u00a0B. Cubierta biodegradable fabricada mediante la tecnolog\u00eda de inyecci\u00f3n en molde, de\u00a0<\/span><a href=\"https:\/\/sustaffor.eu\/?page_id=73\">DTC<\/a><\/p>\n<p style=\"padding-left: 30px;\">Esta nueva cubierta del suelo se fabrica mediante tecnolog\u00eda de inyecci\u00f3n en molde.\u00a0En lugar de utilizar pol\u00edmeros basados en el petr\u00f3leo, como polietileno o polipropileno, se emplean otros basados en residuos org\u00e1nicos (PLA, PHA, almid\u00f3n), evaluando mezclas de los mismos, para estudiar su proceso de producci\u00f3n y sus propiedades t\u00e9cnicas incluyendo, flexibilidad, dureza y resistencia mec\u00e1nica..<\/p>\n<p style=\"padding-left: 30px;\">Como resultado, se obtiene la nueva formulaci\u00f3n que incluye diferentes biopol\u00edmeros y que es la que proporciona los mejores resultados a nivel de fabricaci\u00f3n y de propiedades t\u00e9cnicas, que es la empleada en los ensayos de campo.<\/p>\n<p style=\"padding-left: 30px;\">Se dise\u00f1\u00f3 un molde especial con el fin de producir en un solo paso una cubierta semirr\u00edgida de 40 x 40 cm, que puede ser ampliada a 80 x 80 cm al unir cuatro unidades.<\/p>\n<div id=\"attachment_764\" style=\"width: 317px\" class=\"wp-caption aligncenter\"><img aria-describedby=\"caption-attachment-764\" decoding=\"async\" loading=\"lazy\" class=\"size-full wp-image-764  \" alt=\"Mulch biodegradable semir\u00edr\u00edgido, a base de biopol\u00edmeros (40 \u00d7 40 cm)\" src=\"https:\/\/sustaffor.eu\/wp-content\/uploads\/2014\/09\/b1.jpg\" width=\"307\" height=\"300\" srcset=\"https:\/\/sustaffor.eu\/wp-content\/uploads\/2014\/09\/b1.jpg 307w, https:\/\/sustaffor.eu\/wp-content\/uploads\/2014\/09\/b1-300x293.jpg 300w\" sizes=\"(max-width: 307px) 100vw, 307px\" \/><p id=\"caption-attachment-764\" class=\"wp-caption-text\">Cubierta biodegradable semir\u00edr\u00edgida, a base de biopol\u00edmeros (40 \u00d7 40 cm)<\/p><\/div>\n<p style=\"padding-left: 30px;\">Paralelamente a este modelo, DTC fabrica un modelo adicional de cubierta siguiendo el mismo procedimiento y molde, consistente en inyectar la nueva formulaci\u00f3n directamente sobre una l\u00e1mina de biopl\u00e1stico.\u00a0De esta manera se pretende reducir su coste de fabricaci\u00f3n y su peso.<\/p>\n<p style=\"padding-left: 30px;\">Estos modelos de cubiertas se fijan al suelo con clavos biodegradables especialmente dise\u00f1ados, de manera que \u00e9stas se pueden instalar f\u00e1cilmente en el terreno.<\/p>\n<p style=\"padding-left: 30px;\">El producto final es una cubierta 100% biodegradable y f\u00e1cil de instalar.<\/p>\n<div id=\"attachment_765\" style=\"width: 370px\" class=\"wp-caption aligncenter\"><img aria-describedby=\"caption-attachment-765\" decoding=\"async\" loading=\"lazy\" class=\"size-full wp-image-765  \" alt=\"Mulch biodegradable compuesto por un marco fabricado con biopol\u00edmeros, fijado sobre una l\u00e1mina de pl\u00e1stico biodegradable (40 \u00d7 40 cm)\" src=\"https:\/\/sustaffor.eu\/wp-content\/uploads\/2014\/09\/b2.jpg\" width=\"360\" height=\"292\" srcset=\"https:\/\/sustaffor.eu\/wp-content\/uploads\/2014\/09\/b2.jpg 360w, https:\/\/sustaffor.eu\/wp-content\/uploads\/2014\/09\/b2-300x243.jpg 300w\" sizes=\"(max-width: 360px) 100vw, 360px\" \/><p id=\"caption-attachment-765\" class=\"wp-caption-text\">Cubierta biodegradable compuesta por un marco de biopol\u00edmero, fijado sobre una l\u00e1mina de pl\u00e1stico biodegradable (40 \u00d7 40 cm)<\/p><\/div>\n<div id=\"attachment_766\" style=\"width: 386px\" class=\"wp-caption aligncenter\"><img aria-describedby=\"caption-attachment-766\" decoding=\"async\" loading=\"lazy\" class=\"size-full wp-image-766 \" alt=\"Clavos de fijaci\u00f3n de biopl\u00e1stico utilizados para fijar los mulches desarrollados por DTC\" src=\"https:\/\/sustaffor.eu\/wp-content\/uploads\/2014\/09\/b3.jpg\" width=\"376\" height=\"280\" srcset=\"https:\/\/sustaffor.eu\/wp-content\/uploads\/2014\/09\/b3.jpg 376w, https:\/\/sustaffor.eu\/wp-content\/uploads\/2014\/09\/b3-300x223.jpg 300w\" sizes=\"(max-width: 376px) 100vw, 376px\" \/><p id=\"caption-attachment-766\" class=\"wp-caption-text\">Clavos de fijaci\u00f3n de biopl\u00e1stico utilizados para fijar las cubiertas desarrolladas por DTC<\/p><\/div>\n<p style=\"padding-left: 30px;\"><span style=\"text-decoration: underline;\">C. Cubierta de fibras naturales tratadas con resina org\u00e1nica, desarrollada por <\/span><a title=\"La Zeloise NV\" href=\"https:\/\/sustaffor.eu\/?page_id=878\">La Zeloise<\/a><\/p>\n<p style=\"padding-left: 30px;\">Existen actualmente en el mercado una serie de cubiertas del suelo fabricadas en yute, pero por el momento su corta durabilidad limita su utilizaci\u00f3n en usos forestales, especialmente en \u00e1reas c\u00e1lidas y h\u00famedas.<\/p>\n<p style=\"padding-left: 30px;\">La Zeloise ha desarrollado un nuevo enfoque para este tipo de productos mediante la aplicaci\u00f3n de una resina org\u00e1nica que protege las fibras de yute, prolongando su vida \u00fatil.\u00a0El proceso de desarrollo de una cubierta con propiedades adecuadas (ligereza, flexibilidad, durabilidad) exige optimizar la composici\u00f3n, concentraci\u00f3n y m\u00e9todo de aplicaci\u00f3n de la resina. Todos los materiales empleados en la fabricaci\u00f3n de la versi\u00f3n definitiva de este tipo de cubierta son de origen biol\u00f3gico, totalmente biodegradables y se espera que tengan una vida \u00fatil de 3 a 5 a\u00f1os.<\/p>\n<p style=\"padding-left: 30px;\">El tratamiento con resina (impregnaci\u00f3n y secado) se realiza en el rollo completo de yute tejido, por lo que es posible fabricar cubiertas de una gran variedad de formatos y tama\u00f1os. En los ensayos de campo del proyecto se utilizan cubiertas de 40 x 40 cm y 80 x 80 cm.<\/p>\n<div id=\"attachment_767\" style=\"width: 785px\" class=\"wp-caption aligncenter\"><img aria-describedby=\"caption-attachment-767\" decoding=\"async\" loading=\"lazy\" class=\"size-full wp-image-767 \" alt=\"Mulch fabricado con fibra de yute tejida; a) resultado inicial, b) tras el tratamiento con biorresina\" src=\"https:\/\/sustaffor.eu\/wp-content\/uploads\/2014\/09\/c.jpg\" width=\"775\" height=\"289\" srcset=\"https:\/\/sustaffor.eu\/wp-content\/uploads\/2014\/09\/c.jpg 775w, https:\/\/sustaffor.eu\/wp-content\/uploads\/2014\/09\/c-300x111.jpg 300w\" sizes=\"(max-width: 775px) 100vw, 775px\" \/><p id=\"caption-attachment-767\" class=\"wp-caption-text\">Cubierta fabricada con fibra de yute tejida; a) resultado inicial, b) tras el tratamiento con biorresina<\/p><\/div>\n<p><span style=\"text-decoration: underline;\">Cubierta a base de goma reciclada, desarrollada por <\/span><a title=\"EcoRub BVBA\" href=\"https:\/\/sustaffor.eu\/?page_id=880\">EcoRub<\/a><\/p>\n<p>Ecorub produce una amplia gama de productos fabricados en \u200b\u200bgoma reciclada que proporciona una segunda vida a materiales que, de otra manera, son quemados o acumulados.<\/p>\n<p style=\"padding-left: 30px;\">Esta PYME ha desarrollado una cubierta fabricada en goma reciclada.\u00a0En este caso, el producto no es biodegradable sino que se ha desarrollado con el objetivo de poderlo reutilizar en sucesivas plantaciones.\u00a0El modelo desarrollado tiene 1,5 mm de espesor, lo que le confiere un equilibro adecuado entre estabilidad frente al viento, peso y facilidad de instalaci\u00f3n. Este modelo puede fabricarse en diferentes espesores y tama\u00f1os. Para el proyecto se han fabricado cubiertas de 40 x 40 cm y de 80 x 80 cm.\u00a0El producto acabado presenta un orificio central y una ranura para facilitar la instalaci\u00f3n de la cubierta alrededor del \u00e1rbol.\u00a0La formulaci\u00f3n comercial podr\u00eda modificarse en funci\u00f3n de los resultados de los ensayos.<\/p>\n<div id=\"attachment_768\" style=\"width: 411px\" class=\"wp-caption aligncenter\"><img aria-describedby=\"caption-attachment-768\" decoding=\"async\" loading=\"lazy\" class=\"size-full wp-image-768 \" alt=\"Mulch fabricado con goma reciclada. La muestra producida para los ensayos de campo consiste en dos franjas de goma (40 \u00d7 20 cm y 80x20 cm) pegados en una peque\u00f1a \u00e1rea de solape y con un orificio central para la planta.\" src=\"https:\/\/sustaffor.eu\/wp-content\/uploads\/2014\/09\/d.jpg\" width=\"401\" height=\"280\" srcset=\"https:\/\/sustaffor.eu\/wp-content\/uploads\/2014\/09\/d.jpg 401w, https:\/\/sustaffor.eu\/wp-content\/uploads\/2014\/09\/d-300x209.jpg 300w\" sizes=\"(max-width: 401px) 100vw, 401px\" \/><p id=\"caption-attachment-768\" class=\"wp-caption-text\">Cubierta fabricada con goma reciclada. La muestra producida para los ensayos de campo consiste en dos franjas de goma (40 \u00d7 20 cm y 80&#215;20 cm) pegadas en una peque\u00f1a \u00e1rea de solape y con un orificio central para la planta.<\/p><\/div>\n<p style=\"padding-left: 30px;\">Durante WP2 todas las nuevas t\u00e9cnicas (1 acondicionador del suelo y 4 cubiertas) fueron producidas y suministradas para su evaluaci\u00f3n en los ensayos de campo que se describen en\u00a0<a title=\"Red de ensayos de campo (WP3)\" href=\"https:\/\/sustaffor.eu\/?page_id=843\">el WP3<\/a> y las pruebas de laboratorio de<a title=\"An\u00e1lisis de laboratorio (WP5)\" href=\"https:\/\/sustaffor.eu\/?page_id=849\">\u00a0WP5<\/a>\u00a0. Los resultados de las diversas t\u00e9cnicas se analizar\u00e1n en comparaci\u00f3n con t\u00e9cnicas de referencia, que son las que se aplican actualmente para cumplir la misma funci\u00f3n.\u00a0Bas\u00e1ndose en los resultados de estos ensayos, se plantear\u00e1n posibles modificaciones para los productos comerciales finales.<\/p>\n<\/div>\n","protected":false},"excerpt":{"rendered":"<p>Objetivos: Desarrollar nuevas t\u00e9cnicas\u00a0destinadas a una mejora t\u00e9cnica, econ\u00f3mica y ambiental de las principales propiedades del suelo, incluyendo la din\u00e1mica del agua, la fertilidad y materia org\u00e1nica y las propiedades f\u00edsicas. Desarrollar, evaluar y producir\u00a0nuevas cubiertas del suelo\u00a0(mulch), que cumplan<span class=\"ellipsis\">&hellip;<\/span><\/p>\n<div class=\"read-more\"><a href=\"https:\/\/sustaffor.eu\/?page_id=840\">Read more &#8250;<\/a><\/div>\n<p><!-- end of .read-more --><\/p>\n","protected":false},"author":1,"featured_media":0,"parent":838,"menu_order":91,"comment_status":"closed","ping_status":"open","template":"","meta":{"_mi_skip_tracking":false,"_links_to":"","_links_to_target":""},"_links":{"self":[{"href":"https:\/\/sustaffor.eu\/index.php?rest_route=\/wp\/v2\/pages\/840"}],"collection":[{"href":"https:\/\/sustaffor.eu\/index.php?rest_route=\/wp\/v2\/pages"}],"about":[{"href":"https:\/\/sustaffor.eu\/index.php?rest_route=\/wp\/v2\/types\/page"}],"author":[{"embeddable":true,"href":"https:\/\/sustaffor.eu\/index.php?rest_route=\/wp\/v2\/users\/1"}],"replies":[{"embeddable":true,"href":"https:\/\/sustaffor.eu\/index.php?rest_route=%2Fwp%2Fv2%2Fcomments&post=840"}],"version-history":[{"count":8,"href":"https:\/\/sustaffor.eu\/index.php?rest_route=\/wp\/v2\/pages\/840\/revisions"}],"predecessor-version":[{"id":1372,"href":"https:\/\/sustaffor.eu\/index.php?rest_route=\/wp\/v2\/pages\/840\/revisions\/1372"}],"up":[{"embeddable":true,"href":"https:\/\/sustaffor.eu\/index.php?rest_route=\/wp\/v2\/pages\/838"}],"wp:attachment":[{"href":"https:\/\/sustaffor.eu\/index.php?rest_route=%2Fwp%2Fv2%2Fmedia&parent=840"}],"curies":[{"name":"wp","href":"https:\/\/api.w.org\/{rel}","templated":true}]}}