{"id":843,"date":"2014-12-01T09:17:31","date_gmt":"2014-12-01T09:17:31","guid":{"rendered":"https:\/\/sustaffor.eu\/?page_id=843"},"modified":"2016-07-19T12:11:41","modified_gmt":"2016-07-19T12:11:41","slug":"843-2","status":"publish","type":"page","link":"https:\/\/sustaffor.eu\/?page_id=843","title":{"rendered":"Red de ensayos de campo (WP3)"},"content":{"rendered":"<p>Objetivos:<\/p>\n<p>Dise\u00f1ar, establecer y ejecutar ocho ensayos de campo en cuatro zonas clim\u00e1ticas significativamente contrastadas con el fin de estudiar la eficacia de las nuevas t\u00e9cnicas (acondicionadores del suelo y cubiertas, de manera individual y combinada), frente a t\u00e9cnicas de referencia, es decir, aquellas com\u00fanmente empleadas para cumplir la misma funci\u00f3n.\u00a0El estudio se centra en el efecto de las t\u00e9cnicas en la supervivencia y vigor de los \u00e1rboles, en variables del suelo relacionadas con la disponibilidad de agua y la fertilidad, las caracter\u00edsticas bioqu\u00edmicas de la materia org\u00e1nica del suelo y la liberaci\u00f3n de compuestos espec\u00edficos. Tambi\u00e9n se estudia la durabilidad y degradabilidad de las t\u00e9cnicas.<\/p>\n<p>Tareas\u00a0(<a title=\"Centre Tecnol\u00f2gic Forestal de Catalunya\" href=\"https:\/\/sustaffor.eu\/?page_id=118\">CTFC<\/a>):<\/p>\n<ul>\n<li><a href=\"#\"><br \/>\n[&#8220;3.1: Selecci\u00f3n de \u00e1reas para la instalaci\u00f3n de ensayos de campo&#8221;, &#8220;3.1: Selecci\u00f3n de \u00e1reas para la instalaci\u00f3n de ensayos de campo&#8221;]<\/a><\/li>\n<\/ul>\n<div id=\"31\">\n<p style=\"padding-left: 30px;\">Los 8 ensayos de campo se instalan en 4 zonas clim\u00e1ticas fuertemente contrastadas en el NE de Espa\u00f1a, representativas de los principales climas a nivel europeo y mediterr\u00e1neo: semi\u00e1rido, mediterr\u00e1neo continental, mediterr\u00e1neo h\u00famedo y montano (\u00e1mbito pirenaico).\u00a0Cada ensayo de campo se ha plantado con las especies de \u00e1rboles que se utilizan habitualmente en condiciones similares.<\/p>\n<p style=\"padding-left: 30px;\">Haga clic en los puntos del mapa para ver las caracter\u00edsticas de cada ensayo de campo.\u00a0Haga clic\u00a0<a href=\"https:\/\/sustaffor.eu\/wp-content\/uploads\/2013\/12\/Sustaffor_Field_Trials_Network.pdf\" target=\"_blank\">aqu\u00ed<\/a>\u00a0para ver todo el conjunto de ensayos de campo.<\/p>\n<p><img decoding=\"async\" alt=\"\" src=\"https:\/\/sustaffor.eu\/wp-content\/uploads\/2013\/12\/Mapa_Cast.png\" usemap=\"#imap_65\" width=\"697\" border=\"0\" \/><\/p>\n<map id=\"imap_65\" name=\"imap_65\">\n<area title=\"\" alt=\"\" coords=\"294,185,317,205\" shape=\"rect\" href=\"https:\/\/sustaffor.eu\/wp-content\/uploads\/2014\/06\/Sustaffor_Field-trial_3.pdf\" target=\"_blank\" \/>\n<area title=\"\" alt=\"\" coords=\"317,187,333,204\" shape=\"rect\" href=\"https:\/\/sustaffor.eu\/wp-content\/uploads\/2013\/12\/Sustaffor_Field-trial_4.pdf\" target=\"_blank\" \/>\n<area title=\"\" alt=\"\" coords=\"43,350,62,369\" shape=\"rect\" href=\"https:\/\/sustaffor.eu\/wp-content\/uploads\/2014\/06\/Sustaffor_Field_trial_1.pdf\" target=\"_blank\" \/>\n<area title=\"\" alt=\"\" coords=\"63,351,81,369\" shape=\"rect\" href=\"https:\/\/sustaffor.eu\/wp-content\/uploads\/2014\/06\/Sustaffor_Field-trial_2.pdf\" target=\"_blank\" \/>\n<area title=\"\" alt=\"\" coords=\"537,152,556,174\" shape=\"rect\" href=\"https:\/\/sustaffor.eu\/wp-content\/uploads\/2014\/06\/Sustaffor_Field-trial_5.pdf\" target=\"_blank\" \/>\n<area title=\"\" alt=\"\" coords=\"556,152,573,172\" shape=\"rect\" href=\"https:\/\/sustaffor.eu\/wp-content\/uploads\/2014\/06\/Sustaffor_Field-trial_6.pdf\" target=\"_blank\" \/>\n<area title=\"\" alt=\"\" coords=\"383,84,413,103\" shape=\"rect\" href=\"https:\/\/sustaffor.eu\/wp-content\/uploads\/2014\/06\/Sustaffor_Field-trials_7-8.pdf\" target=\"_blank\" \/><\/map>\n<\/div>\n<ul>\n<li><a href=\"#\"><br \/>\n[&#8220;3.2: Dise\u00f1o experimental de los ensayos de campo&#8221;, &#8220;3.2: Dise\u00f1o experimental de los ensayos de campo&#8221;]<br \/>\n<\/a><\/li>\n<\/ul>\n<div id=\"32\">\n<p style=\"padding-left: 30px;\">Cada ensayo de campo incluye 17 tratamientos, con 30 \u00e1rboles por tratamiento, organizados siguiendo un dise\u00f1o de bloques completos al azar: 6 bloques de 5 \u00e1rboles cada uno.\u00a0Los tratamientos consisten en combinaciones de acondicionadores del suelo y t\u00e9cnicas contra la vegetaci\u00f3n competidora, y se indican con una &#8220;X&#8221; en la tabla siguiente:<\/p>\n<p style=\"padding-left: 30px; text-align: center;\"><img decoding=\"async\" loading=\"lazy\" class=\" wp-image-935 aligncenter\" alt=\"wp31_1\" src=\"https:\/\/sustaffor.eu\/wp-content\/uploads\/2014\/12\/wp31_1.jpg\" width=\"539\" height=\"285\" srcset=\"https:\/\/sustaffor.eu\/wp-content\/uploads\/2014\/12\/wp31_1.jpg 674w, https:\/\/sustaffor.eu\/wp-content\/uploads\/2014\/12\/wp31_1-300x158.jpg 300w\" sizes=\"(max-width: 539px) 100vw, 539px\" \/>Las t\u00e9cnicas marcadas en verde son los prototipos desarrollados durante el proyecto, mientras que las de color amarillo son las t\u00e9cnicas de referencia.\u00a0\u00a0\u00a0\u00a0\u00a0 \u00a0* t\u00e9cnica utilizada s\u00f3lo en condiciones montanas<\/p>\n<p style=\"padding-left: 30px;\">En el caso del ensayo con encina micorrizada con trufa negra (<a href=\"https:\/\/sustaffor.eu\/wp-content\/uploads\/2013\/12\/Sustaffor_Field-trial_4.pdf\" target=\"_blank\">Ensayo de campo 4<\/a>), el dise\u00f1o experimental y los tratamientos fueron modificados debido a las particularidades de este tipo de producci\u00f3n y a la necesidad de adaptar las t\u00e9cnicas de referencia empleadas: en este caso, se utilizan 13 tratamientos, con 12 \u00e1rboles por tratamiento, organizados en un dise\u00f1o de bloques al azar, con 12 bloques de 1 \u00e1rbol cada uno.\u00a0Los tratamientos se indican con una X en el cuadro siguiente:<\/p>\n<p>&nbsp;<\/p>\n<p style=\"padding-left: 30px; text-align: center;\"><img decoding=\"async\" loading=\"lazy\" class=\" wp-image-936 aligncenter\" alt=\"wp31_2\" src=\"https:\/\/sustaffor.eu\/wp-content\/uploads\/2014\/12\/wp31_2.jpg\" width=\"583\" height=\"297\" srcset=\"https:\/\/sustaffor.eu\/wp-content\/uploads\/2014\/12\/wp31_2.jpg 648w, https:\/\/sustaffor.eu\/wp-content\/uploads\/2014\/12\/wp31_2-300x152.jpg 300w\" sizes=\"(max-width: 583px) 100vw, 583px\" \/>Las t\u00e9cnicas marcadas en verde son los prototipos desarrollados durante el proyecto, mientras que las de color amarillo son las t\u00e9cnicas de referencia<\/p>\n<p style=\"padding-left: 30px;\">La red de ensayos de campo se compone de un total de 3.846 \u00e1rboles.<\/p>\n<\/div>\n<ul>\n<li><a href=\"#\">[&#8220;3.3. Instalaci\u00f3n de los ensayos de campo&#8221;, &#8220;3.3. Instalaci\u00f3n de los ensayos de campo&#8221;]<\/a><\/li>\n<\/ul>\n<div id=\"33\">\n<p style=\"padding-left: 30px;\">Los ensayos de campo se instalaron entre enero y abril de 2014, siguiendo el dise\u00f1o experimental descrito anteriormente. La\u00a0<a title=\"Galeria de fotos\" href=\"https:\/\/sustaffor.eu\/?page_id=851\">Galer\u00eda de fotos<\/a>\u00a0incluye im\u00e1genes del proceso de instalaci\u00f3n de los diferentes ensayos de campo.<\/p>\n<\/div>\n<ul>\n<li><a href=\"#\">[&#8220;3.4. Estudio de degradaci\u00f3n de los mulches&#8221;, &#8220;3.4. Estudio de degradaci\u00f3n de los mulches&#8221;]<\/a><\/li>\n<\/ul>\n<div id=\"34\">\n<p style=\"padding-left: 30px;\">Paralelamente a los ensayos de campo, se ha establecido en condiciones Semi\u00e1ridas, Mediterr\u00e1neo h\u00famedo y Montano, una red de 3 ensayos de degradaci\u00f3n de los mulches.\u00a0Haga clic\u00a0<a href=\"https:\/\/sustaffor.eu\/wp-content\/uploads\/2013\/12\/Mulch_Degradation_Trials.pdf\" target=\"_blank\">aqu\u00ed<\/a>\u00a0para ver la descripci\u00f3n de estas experiencias.<\/p>\n<\/div>\n<ul>\n<li><a href=\"#\">[&#8220;3.5. Experiencia en condiciones controladas&#8221;, &#8220;3.5. Experiencia en condiciones controladas&#8221;]<\/a><\/li>\n<\/ul>\n<div id=\"35\">\n<p>El experimento en condiciones semi-controladas se instal\u00f3 en noviembre de 2014 en un umbr\u00e1culo en los Campos Experimentales de la Universitat de Barcelona.<\/p>\n<p>El experimento consta de 144 tiestos (2,5 l) con suelo de textura equilibrada y pobre en carbonatos (&lt;10%), sometido a un r\u00e9gimen de riego an\u00e1logo al del clima mediterr\u00e1neo. Se aplica un riego individual en cada tiesto, en intervalos de 15 d\u00edas.<\/p>\n<p>El experimento sigue un dise\u00f1o factorial completo:<\/p>\n<p><a href=\"https:\/\/sustaffor.eu\/wp-content\/uploads\/2014\/12\/Tratamientos_condiciones_semicontroladas.jpg\"><img decoding=\"async\" loading=\"lazy\" class=\"aligncenter size-full wp-image-1082\" alt=\"Tratamientos_condiciones_semicontroladas\" src=\"https:\/\/sustaffor.eu\/wp-content\/uploads\/2014\/12\/Tratamientos_condiciones_semicontroladas.jpg\" width=\"691\" height=\"162\" srcset=\"https:\/\/sustaffor.eu\/wp-content\/uploads\/2014\/12\/Tratamientos_condiciones_semicontroladas.jpg 1382w, https:\/\/sustaffor.eu\/wp-content\/uploads\/2014\/12\/Tratamientos_condiciones_semicontroladas-300x70.jpg 300w, https:\/\/sustaffor.eu\/wp-content\/uploads\/2014\/12\/Tratamientos_condiciones_semicontroladas-1024x240.jpg 1024w\" sizes=\"(max-width: 691px) 100vw, 691px\" \/><\/a><\/p>\n<p>La toma de datos se realiza de manera similar a los ensayos de campo (ver <a href=\"https:\/\/sustaffor.eu\/?page_id=847\">Monitoreo de los ensayos de campo<\/a>)<\/p>\n<p>El monitoreo del suelo se realiza 6 (abril 2015) y 11 (septiembre 2015) meses despu\u00e9s de la instalaci\u00f3n, cada uno de los cuales afecta a 48 tiestos. Los an\u00e1lisis se describen en <a href=\"https:\/\/sustaffor.eu\/?page_id=849\">An\u00e1lisis de laboratorio<\/a>.<\/p>\n<p><a href=\"https:\/\/sustaffor.eu\/wp-content\/uploads\/2014\/12\/Experiment_controlled_conditions.jpg\"><img decoding=\"async\" loading=\"lazy\" class=\"aligncenter size-full wp-image-1084\" alt=\"Experiment_controlled_conditions\" src=\"https:\/\/sustaffor.eu\/wp-content\/uploads\/2014\/12\/Experiment_controlled_conditions.jpg\" width=\"648\" height=\"365\" srcset=\"https:\/\/sustaffor.eu\/wp-content\/uploads\/2014\/12\/Experiment_controlled_conditions.jpg 2592w, https:\/\/sustaffor.eu\/wp-content\/uploads\/2014\/12\/Experiment_controlled_conditions-300x168.jpg 300w, https:\/\/sustaffor.eu\/wp-content\/uploads\/2014\/12\/Experiment_controlled_conditions-1024x575.jpg 1024w\" sizes=\"(max-width: 648px) 100vw, 648px\" \/><\/a><\/p>\n<\/div>\n","protected":false},"excerpt":{"rendered":"<p>Objetivos: Dise\u00f1ar, establecer y ejecutar ocho ensayos de campo en cuatro zonas clim\u00e1ticas significativamente contrastadas con el fin de estudiar la eficacia de las nuevas t\u00e9cnicas (acondicionadores del suelo y cubiertas, de manera individual y combinada), frente a t\u00e9cnicas de<span class=\"ellipsis\">&hellip;<\/span><\/p>\n<div class=\"read-more\"><a href=\"https:\/\/sustaffor.eu\/?page_id=843\">Read more &#8250;<\/a><\/div>\n<p><!-- end of .read-more --><\/p>\n","protected":false},"author":1,"featured_media":0,"parent":838,"menu_order":92,"comment_status":"closed","ping_status":"open","template":"","meta":{"_mi_skip_tracking":false,"_links_to":"","_links_to_target":""},"_links":{"self":[{"href":"https:\/\/sustaffor.eu\/index.php?rest_route=\/wp\/v2\/pages\/843"}],"collection":[{"href":"https:\/\/sustaffor.eu\/index.php?rest_route=\/wp\/v2\/pages"}],"about":[{"href":"https:\/\/sustaffor.eu\/index.php?rest_route=\/wp\/v2\/types\/page"}],"author":[{"embeddable":true,"href":"https:\/\/sustaffor.eu\/index.php?rest_route=\/wp\/v2\/users\/1"}],"replies":[{"embeddable":true,"href":"https:\/\/sustaffor.eu\/index.php?rest_route=%2Fwp%2Fv2%2Fcomments&post=843"}],"version-history":[{"count":14,"href":"https:\/\/sustaffor.eu\/index.php?rest_route=\/wp\/v2\/pages\/843\/revisions"}],"predecessor-version":[{"id":1373,"href":"https:\/\/sustaffor.eu\/index.php?rest_route=\/wp\/v2\/pages\/843\/revisions\/1373"}],"up":[{"embeddable":true,"href":"https:\/\/sustaffor.eu\/index.php?rest_route=\/wp\/v2\/pages\/838"}],"wp:attachment":[{"href":"https:\/\/sustaffor.eu\/index.php?rest_route=%2Fwp%2Fv2%2Fmedia&parent=843"}],"curies":[{"name":"wp","href":"https:\/\/api.w.org\/{rel}","templated":true}]}}