{"id":849,"date":"2014-12-01T09:51:36","date_gmt":"2014-12-01T09:51:36","guid":{"rendered":"https:\/\/sustaffor.eu\/?page_id=849"},"modified":"2015-03-18T11:28:46","modified_gmt":"2015-03-18T11:28:46","slug":"analisis-de-laboratorio-wp5","status":"publish","type":"page","link":"https:\/\/sustaffor.eu\/?page_id=849","title":{"rendered":"An\u00e1lisis de laboratorio (WP5)"},"content":{"rendered":"<p>Objetivos:<\/p>\n<ul>\n<li>Estudiar el efecto de los distintos tratamientos sobre las principales variables del suelo relacionadas con la fertilidad, con especial atenci\u00f3n a la materia org\u00e1nica del suelo (MOS), nitr\u00f3geno y f\u00f3sforo.<\/li>\n<li>Evaluar c\u00f3mo los tratamientos afectan a las principales caracter\u00edsticas bioqu\u00edmicas de la MOS, con \u00e9nfasis en la evoluci\u00f3n de compuestos org\u00e1nicos espec\u00edficos derivados de la degradaci\u00f3n de las nuevas t\u00e9cnicas.<\/li>\n<li>Evaluar la durabilidad y estabilidad de los mulches y la funcionalidad de los pol\u00edmeros incluidos en los acondicionadores del suelo en los ensayos de campo y en condiciones controladas.<\/li>\n<\/ul>\n<p>Tareas:<\/p>\n<ul>\n<li><a href=\"#\" showhide=\"51\">[&#8220;5.1 An\u00e1lisis de suelos: centrados en las principales variables relacionadas con la disponibilidad de agua y la fertilidad qu\u00edmica (CTFC)&#8221;,&#8221;5.1 An\u00e1lisis de suelos: centrados en las principales variables relacionadas con la disponibilidad de agua y la fertilidad qu\u00edmica (CTFC)&#8221;]<\/a><\/li>\n<\/ul>\n<div id=\"51\">\n<p><i>Qu\u00e9<\/i>: an\u00e1lisis de las muestras de suelo con el objetivo de obtener informaci\u00f3n sobre el estado de los nutrientes, con especial atenci\u00f3n al nitr\u00f3geno y al f\u00f3sforo<\/p>\n<p><i>Por qu\u00e9<\/i>: el nitr\u00f3geno y el f\u00f3sforo son los principales nutrientes que necesitan las plantas, y a menudo su presencia en compuestos asimilables es limitante para el crecimiento. Se espera que el incremento de la disponibilidad de agua en el suelo (que es un efecto esperado de la aplicaci\u00f3n de las t\u00e9cnicas estudiadas, acondicionadores del suelo y acolchados) d\u00e9 lugar a un incremento en la disponibilidad de ambos elementos.<\/p>\n<p><i>C\u00f3mo<\/i>: aplicamos m\u00e9todos est\u00e1ndar desarrollados en estudios de fertilidad de suelos en el \u00e1mbito agron\u00f3mico (tabla)<\/p>\n<p><a href=\"https:\/\/sustaffor.eu\/wp-content\/uploads\/2014\/12\/wp51_1_es.jpg\"><img decoding=\"async\" loading=\"lazy\" class=\"size-full wp-image-1040 aligncenter\" alt=\"wp51_1_es\" src=\"https:\/\/sustaffor.eu\/wp-content\/uploads\/2014\/12\/wp51_1_es.jpg\" width=\"638\" height=\"188\" srcset=\"https:\/\/sustaffor.eu\/wp-content\/uploads\/2014\/12\/wp51_1_es.jpg 638w, https:\/\/sustaffor.eu\/wp-content\/uploads\/2014\/12\/wp51_1_es-300x88.jpg 300w\" sizes=\"(max-width: 638px) 100vw, 638px\" \/><\/a><\/p>\n<\/div>\n<ul>\n<li><a href=\"#\"  showhide=\"52\">[&#8220;5.2 An\u00e1lisis de suelos: centrados en los cambios bioqu\u00edmicos en la materia org\u00e1nica del suelo (CNRS,\u00a0CTFC)&#8221;, &#8220;5.2 An\u00e1lisis de suelos: centrados en los cambios bioqu\u00edmicos en la materia org\u00e1nica del suelo (CNRS, CTFC)&#8221;]<\/a><\/li>\n<\/ul>\n<div id=\"52\">\n<p><i>Qu\u00e9<\/i>. Fraccionamiento qu\u00edmico de las muestras de suelo, con el objetivo de detectar cambios en las principales caracter\u00edsticas bioqu\u00edmicas de la materia org\u00e1nica<\/p>\n<p>&nbsp;<\/p>\n<p><i>Por qu\u00e9<\/i>. El incremento esperado en la disponibilidad de agua en el suelo gracias a las t\u00e9cnicas estudiadas (acondicionadores del suelo y acolchados) deber\u00eda dar lugar a un incremento de la actividad microbiana. La consecuencia a largo plazo ser\u00eda un incremento en la tasa de descomposici\u00f3n de la materia org\u00e1nica, mientras que a corto plazo se esperan cambios bioqu\u00edmicos que afectar\u00edan a la microflora del suelo, ya sea positivamente (acelerando su actividad) o negativamente (inhibi\u00e9ndola). Debido a su variabilidad espacial, se espera que estos cambios sean m\u00e1s f\u00e1ciles de detectar a corto plazo que los cambios en la cantidad total de carbono del suelo.<\/p>\n<p><i>C\u00f3mo<\/i>. Se trabaja con dos enfoques<\/p>\n<p>a) Evaluaci\u00f3n de los cambios en la proporci\u00f3n de las fracciones l\u00e1bil, recalcitrante e inerte de la materia org\u00e1nica del suelo. Se aplica hidr\u00f3lisis \u00e1cida a las muestras de suelo, que son sometidas a una secuencia de extracciones e hidr\u00f3lisis (Figura 1). La cadena de extracciones, cada vez m\u00e1s intensas, indican el estado de labilidad de la materia org\u00e1nica del suelo: los compuestos m\u00e1s l\u00e1biles se extraen o hidrolizan en primer lugar, mientras que los que se mantienen hasta las \u00faltimas fases del proceso son aquellos compuestos altamente insolubles y recalcitrantes, menos susceptibles de ser atacados por la microflora del suelo, y por tanto de ser utilizados como fuente de carbono o energ\u00eda.<\/p>\n<div id=\"attachment_1033\" style=\"width: 437px\" class=\"wp-caption aligncenter\"><a href=\"https:\/\/sustaffor.eu\/wp-content\/uploads\/2013\/12\/wp52_1.jpg\"><img aria-describedby=\"caption-attachment-1033\" decoding=\"async\" loading=\"lazy\" class=\"size-full wp-image-1033  \" alt=\"Figura 1. Secuencia de extracciones e hidr\u00f3lisis aplicadas para cuantificar las fracciones l\u00e1bil y recalcitrante de la material org\u00e1nica del suelo\" src=\"https:\/\/sustaffor.eu\/wp-content\/uploads\/2013\/12\/wp52_1.jpg\" width=\"427\" height=\"557\" srcset=\"https:\/\/sustaffor.eu\/wp-content\/uploads\/2013\/12\/wp52_1.jpg 427w, https:\/\/sustaffor.eu\/wp-content\/uploads\/2013\/12\/wp52_1-229x300.jpg 229w\" sizes=\"(max-width: 427px) 100vw, 427px\" \/><\/a><p id=\"caption-attachment-1033\" class=\"wp-caption-text\">Figura 1. Secuencia de extracciones e hidr\u00f3lisis aplicadas para cuantificar las fracciones l\u00e1bil y recalcitrante de la material org\u00e1nica del suelo<\/p><\/div>\n<p>b) A trav\u00e9s del estudio de la composici\u00f3n bioqu\u00edmoca de la materia org\u00e1nica del suelo, obtenida por termoquimiolisis con hidr\u00f3xido de tetrametilamonio (TMAH). La materia org\u00e1nica del suelo se somete a este tratamiento en una atm\u00f3sfera inerte de nitr\u00f3geno o arg\u00f3n, y los productos generados por este proceso se recogen en cloroformo fr\u00edo (Figura 2). Una vez secos, se inyectan en un sistema de cromatograf\u00eda de gases y espectrometr\u00eda de masas, donde son identificados y cuantificados.<\/p>\n<p>&nbsp;<\/p>\n<div id=\"attachment_1034\" style=\"width: 556px\" class=\"wp-caption aligncenter\"><a href=\"https:\/\/sustaffor.eu\/wp-content\/uploads\/2013\/12\/wp52_2.jpg\"><img aria-describedby=\"caption-attachment-1034\" decoding=\"async\" loading=\"lazy\" class=\"size-full wp-image-1034  \" alt=\"Figura 2. Termoquimiolisis con TMAH. Esquema del dispositivo experimental\" src=\"https:\/\/sustaffor.eu\/wp-content\/uploads\/2013\/12\/wp52_2.jpg\" width=\"546\" height=\"303\" srcset=\"https:\/\/sustaffor.eu\/wp-content\/uploads\/2013\/12\/wp52_2.jpg 546w, https:\/\/sustaffor.eu\/wp-content\/uploads\/2013\/12\/wp52_2-300x166.jpg 300w\" sizes=\"(max-width: 546px) 100vw, 546px\" \/><\/a><p id=\"caption-attachment-1034\" class=\"wp-caption-text\">Figura 2. Termoquimiolisis con TMAH. Esquema del dispositivo experimental<\/p><\/div>\n<p>El cromatograma resultante (Figura 3) muestra los diferentes compuestos detectados, dando una imagen completa de la composici\u00f3n de la materia org\u00e1nica del suelo. La utilidad es este procedimiento radica en que permite detectar compuestos qu\u00edmicos producidos por las plantas o por la actividad microbiana del suelo: la proporci\u00f3n entre ambos es un indicador de la intensidad de la actividad microbiana.<\/p>\n<div id=\"attachment_1035\" style=\"width: 636px\" class=\"wp-caption aligncenter\"><a href=\"https:\/\/sustaffor.eu\/wp-content\/uploads\/2013\/12\/wp52_3.jpg\"><img aria-describedby=\"caption-attachment-1035\" decoding=\"async\" loading=\"lazy\" class=\"size-full wp-image-1035 \" alt=\"Figura 3. Arriba: ejemplo de cromatograma de gases obtenido a partir de una muestra de suelo. La flecha se\u00f1ala un pico concreto; Abajo: espectro de masas, que muestra la identificaci\u00f3n precisa del compuesto (en este caso, \u00e1cido palm\u00edtico).\" src=\"https:\/\/sustaffor.eu\/wp-content\/uploads\/2013\/12\/wp52_3.jpg\" width=\"626\" height=\"485\" srcset=\"https:\/\/sustaffor.eu\/wp-content\/uploads\/2013\/12\/wp52_3.jpg 626w, https:\/\/sustaffor.eu\/wp-content\/uploads\/2013\/12\/wp52_3-300x232.jpg 300w\" sizes=\"(max-width: 626px) 100vw, 626px\" \/><\/a><p id=\"caption-attachment-1035\" class=\"wp-caption-text\">Figura 3. Arriba: ejemplo de cromatograma de gases obtenido a partir de una muestra de suelo. La flecha se\u00f1ala un pico concreto; Abajo: espectro de masas, que muestra la identificaci\u00f3n precisa del compuesto (en este caso, \u00e1cido palm\u00edtico).<\/p><\/div>\n<\/div>\n<ul>\n<li><a href=\"#\"  showhide=\"53\">[&#8220;5.3: Estudio de la degradabilidad y propiedades f\u00edsicas de los mulches (Centexbel,\u00a0CTFC)&#8221;, &#8220;5.3: Estudio de la degradabilidad y propiedades f\u00edsicas de los mulches (Centexbel, CTFC)&#8221;]<\/a><\/li>\n<\/ul>\n<div id=\"53\">\n<p>Con el objetivo de estimar la vida \u00fatil de los acolchados (tanto los nuevos como los de referencia), se ha instalado una red de 3 ensayos de degradaci\u00f3n, en condiciones Semi\u00e1ridas, Mediterr\u00e1neo h\u00famedo y \u00c1mbito pirenaico. Cada uno de estos ensayos incluye 10 modelos de cada tipo de acolchado.<\/p>\n<div id=\"attachment_1023\" style=\"width: 584px\" class=\"wp-caption aligncenter\"><a href=\"https:\/\/sustaffor.eu\/wp-content\/uploads\/2013\/12\/wp53_1.jpg\"><img aria-describedby=\"caption-attachment-1023\" decoding=\"async\" loading=\"lazy\" class=\"size-full wp-image-1023  \" alt=\"Ensayos de degradaci\u00f3n de acolchados en condiciones Semi\u00e1ridas y \u00c1mbito pirenaico\" src=\"https:\/\/sustaffor.eu\/wp-content\/uploads\/2013\/12\/wp53_1.jpg\" width=\"574\" height=\"191\" srcset=\"https:\/\/sustaffor.eu\/wp-content\/uploads\/2013\/12\/wp53_1.jpg 574w, https:\/\/sustaffor.eu\/wp-content\/uploads\/2013\/12\/wp53_1-300x99.jpg 300w\" sizes=\"(max-width: 574px) 100vw, 574px\" \/><\/a><p id=\"caption-attachment-1023\" class=\"wp-caption-text\">Ensayos de degradaci\u00f3n de acolchados en condiciones Semi\u00e1ridas y \u00c1mbito pirenaico<\/p><\/div>\n<p>La degradaci\u00f3n de los acolchados a lo largo del tiempo se eval\u00faa en intervalos de 6 meses: tras 6, 12 y 18 meses a la intemperie. En cada muestreo se recoge un modelo de acolchado de cada ensayo, y se env\u00eda a las instalaciones de <a href=\"https:\/\/sustaffor.eu\/?page_id=890\">Centexbel<\/a> para su evaluaci\u00f3n, en comparaci\u00f3n con una serie de unidades que nunca han sido instaladas en condiciones de campo, y que sirven para disponer de los valores de referencia.<\/p>\n<p>&nbsp;<\/p>\n<p>Los acolchados se eval\u00faan:<\/p>\n<ul>\n<li>Visualmente: se eval\u00faan las grietas, agujeros, deformaciones y da\u00f1os debidos a la exposici\u00f3n a altas temperaturas. Tambi\u00e9n se exploran posibles da\u00f1os debidos a la fauna<\/li>\n<li>Manualmente: se aplican ligeras tensiones para evaluar si hay un cambio significativo en cuanto a la rigidez y fragilidad de los acolchados<\/li>\n<li>Mec\u00e1nicamente: evaluaci\u00f3n de las propiedades mec\u00e1nicas de aquellas muestras que a\u00fan est\u00e1n suficientemente intactas, especialmente, la resistencia y la tensi\u00f3n de rotura, de acuerdo con los est\u00e1ndares de cada material (film pl\u00e1stico, tejido de yute, l\u00e1mina de goma, l\u00e1mina de biopl\u00e1stico<\/li>\n<\/ul>\n<p>&nbsp;<\/p>\n<p>Durante estos ensayos se registra el porcentaje de p\u00e9rdida de propiedades en funci\u00f3n del tiempo. Cuando los productos no pueden ser evaluados por estar en una fase de degradaci\u00f3n avanzada se concluye que el acolchado est\u00e1 al final de su vida \u00fatil.<\/p>\n<p>&nbsp;<\/p>\n<p><b>Ensayos de degradaci\u00f3n acelerada<\/b><\/p>\n<p>Adem\u00e1s de los ensayos de campo, los acolchados se someten a pruebas de degradaci\u00f3n acelerada en condiciones controladas. Se aplican los test Q-UV de resistencia a la radiaci\u00f3n ultravioleta, utilizando radiaci\u00f3n UVA y\/o UVB (ISO 4892-3, ver figuras), con una intensidad de luz de 0.76 W\/m\u00b2. Los ensayos se realizan a temperaturas de 60\u00baC (ciclo de iluminaci\u00f3n, 4h) y 50\u00baC (ciclo de oscuridad, 4 h). La humedad en la c\u00e1mara de ensayo es alta, debido a la condensaci\u00f3n de agua durante el ciclo de oscuridad.<\/p>\n<p>Despu\u00e9s de 500, 1000, 1500 o 2000 h de iluminaci\u00f3n UV se realiza el an\u00e1lisis mec\u00e1nico descrito anteriormente.<\/p>\n<div id=\"attachment_1024\" style=\"width: 649px\" class=\"wp-caption aligncenter\"><a href=\"https:\/\/sustaffor.eu\/wp-content\/uploads\/2013\/12\/wp53_2.jpg\"><img aria-describedby=\"caption-attachment-1024\" decoding=\"async\" loading=\"lazy\" class=\"size-full wp-image-1024  \" alt=\"Ensayos de degradaci\u00f3n acelerada: comparaci\u00f3n entre la longitud de onda de la l\u00e1mpara UVA (verde, izquierda) y UVB (verde, derecha) y la de la luz solar (rojo)\" src=\"https:\/\/sustaffor.eu\/wp-content\/uploads\/2013\/12\/wp53_2.jpg\" width=\"639\" height=\"253\" srcset=\"https:\/\/sustaffor.eu\/wp-content\/uploads\/2013\/12\/wp53_2.jpg 639w, https:\/\/sustaffor.eu\/wp-content\/uploads\/2013\/12\/wp53_2-300x118.jpg 300w\" sizes=\"(max-width: 639px) 100vw, 639px\" \/><\/a><p id=\"caption-attachment-1024\" class=\"wp-caption-text\">Ensayos de degradaci\u00f3n acelerada: comparaci\u00f3n entre la longitud de onda de la l\u00e1mpara UVA (verde, izquierda) y UVB (verde, derecha) y la de la luz solar (rojo)<\/p><\/div>\n<div id=\"attachment_1025\" style=\"width: 452px\" class=\"wp-caption aligncenter\"><a href=\"https:\/\/sustaffor.eu\/wp-content\/uploads\/2013\/12\/wp53_3.jpg\"><img aria-describedby=\"caption-attachment-1025\" decoding=\"async\" loading=\"lazy\" class=\"size-full wp-image-1025  \" alt=\"C\u00e1maras en las que se realizan los ensayos Q-UV\" src=\"https:\/\/sustaffor.eu\/wp-content\/uploads\/2013\/12\/wp53_3.jpg\" width=\"442\" height=\"302\" srcset=\"https:\/\/sustaffor.eu\/wp-content\/uploads\/2013\/12\/wp53_3.jpg 442w, https:\/\/sustaffor.eu\/wp-content\/uploads\/2013\/12\/wp53_3-300x204.jpg 300w\" sizes=\"(max-width: 442px) 100vw, 442px\" \/><\/a><p id=\"caption-attachment-1025\" class=\"wp-caption-text\">C\u00e1maras en las que se realizan los ensayos Q-UV<\/p><\/div>\n<\/div>\n","protected":false},"excerpt":{"rendered":"<p>Objetivos: Estudiar el efecto de los distintos tratamientos sobre las principales variables del suelo relacionadas con la fertilidad, con especial atenci\u00f3n a la materia org\u00e1nica del suelo (MOS), nitr\u00f3geno y f\u00f3sforo. Evaluar c\u00f3mo los tratamientos afectan a las principales caracter\u00edsticas<span class=\"ellipsis\">&hellip;<\/span><\/p>\n<div class=\"read-more\"><a href=\"https:\/\/sustaffor.eu\/?page_id=849\">Read more &#8250;<\/a><\/div>\n<p><!-- end of .read-more --><\/p>\n","protected":false},"author":1,"featured_media":0,"parent":838,"menu_order":94,"comment_status":"closed","ping_status":"open","template":"","meta":{"_mi_skip_tracking":false,"_links_to":"","_links_to_target":""},"_links":{"self":[{"href":"https:\/\/sustaffor.eu\/index.php?rest_route=\/wp\/v2\/pages\/849"}],"collection":[{"href":"https:\/\/sustaffor.eu\/index.php?rest_route=\/wp\/v2\/pages"}],"about":[{"href":"https:\/\/sustaffor.eu\/index.php?rest_route=\/wp\/v2\/types\/page"}],"author":[{"embeddable":true,"href":"https:\/\/sustaffor.eu\/index.php?rest_route=\/wp\/v2\/users\/1"}],"replies":[{"embeddable":true,"href":"https:\/\/sustaffor.eu\/index.php?rest_route=%2Fwp%2Fv2%2Fcomments&post=849"}],"version-history":[{"count":8,"href":"https:\/\/sustaffor.eu\/index.php?rest_route=\/wp\/v2\/pages\/849\/revisions"}],"predecessor-version":[{"id":1041,"href":"https:\/\/sustaffor.eu\/index.php?rest_route=\/wp\/v2\/pages\/849\/revisions\/1041"}],"up":[{"embeddable":true,"href":"https:\/\/sustaffor.eu\/index.php?rest_route=\/wp\/v2\/pages\/838"}],"wp:attachment":[{"href":"https:\/\/sustaffor.eu\/index.php?rest_route=%2Fwp%2Fv2%2Fmedia&parent=849"}],"curies":[{"name":"wp","href":"https:\/\/api.w.org\/{rel}","templated":true}]}}