{"id":851,"date":"2014-12-01T09:52:47","date_gmt":"2014-12-01T09:52:47","guid":{"rendered":"https:\/\/sustaffor.eu\/?page_id=851"},"modified":"2016-07-19T12:23:40","modified_gmt":"2016-07-19T12:23:40","slug":"galeria-de-fotos","status":"publish","type":"page","link":"https:\/\/sustaffor.eu\/?page_id=851","title":{"rendered":"Galeria de fotos"},"content":{"rendered":"<p><a title=\"1. Nuevas t\u00e9cnicas\" href=\"https:\/\/sustaffor.eu\/?page_id=853\"><strong>1. Nuevas t\u00e9cnicas<\/strong><\/a><\/p>\n<p><a title=\"2. Ensayos de campo en condiciones semi\u00e1ridas\" href=\"https:\/\/sustaffor.eu\/?page_id=855\"><strong>2. Ensayos de campo en condiciones semi\u00e1ridas<\/strong><\/a><\/p>\n<p><a title=\"3. Ensayos de campo en condiciones Mediterr\u00e1neo Continental\" href=\"https:\/\/sustaffor.eu\/?page_id=857\"><strong>3. Ensayos de campo en condiciones Mediterr\u00e1neo Continental<\/strong><\/a><\/p>\n<p><a title=\"4. Ensayos de campo en condiciones Mediterr\u00e1neo h\u00famedo\" href=\"https:\/\/sustaffor.eu\/?page_id=859\"><strong>4. Ensayos de campo en condiciones Mediterr\u00e1neo h\u00famedo<\/strong><\/a><\/p>\n<p><a title=\"5. Ensayos de campo en condiciones subalpinas\" href=\"https:\/\/sustaffor.eu\/?page_id=861\"><strong>5. Ensayos de campo en condiciones montanas<\/strong><\/a><\/p>\n<p><a title=\"6. Monitoreo de los ensayos de campo\" href=\"https:\/\/sustaffor.eu\/?page_id=865\"><strong>6. Seguimiento de los ensayos de campo<\/strong><\/a><\/p>\n<p><a title=\"7. Estudio de la degradaci\u00f3n de nuevas t\u00e9cnicas\" href=\"https:\/\/sustaffor.eu\/?page_id=867\"><strong>7. Estudio de la degradaci\u00f3n de nuevas cubiertas del suelo<\/strong><\/a><\/p>\n","protected":false},"excerpt":{"rendered":"<p>1. Nuevas t\u00e9cnicas 2. Ensayos de campo en condiciones semi\u00e1ridas 3. Ensayos de campo en condiciones Mediterr\u00e1neo Continental 4. Ensayos de campo en condiciones Mediterr\u00e1neo h\u00famedo 5. Ensayos de campo en condiciones montanas 6. Seguimiento de los ensayos de campo<span class=\"ellipsis\">&hellip;<\/span><\/p>\n<div class=\"read-more\"><a href=\"https:\/\/sustaffor.eu\/?page_id=851\">Read more &#8250;<\/a><\/div>\n<p><!-- end of .read-more --><\/p>\n","protected":false},"author":1,"featured_media":0,"parent":0,"menu_order":5,"comment_status":"closed","ping_status":"open","template":"","meta":{"_mi_skip_tracking":false,"_links_to":"","_links_to_target":""},"_links":{"self":[{"href":"https:\/\/sustaffor.eu\/index.php?rest_route=\/wp\/v2\/pages\/851"}],"collection":[{"href":"https:\/\/sustaffor.eu\/index.php?rest_route=\/wp\/v2\/pages"}],"about":[{"href":"https:\/\/sustaffor.eu\/index.php?rest_route=\/wp\/v2\/types\/page"}],"author":[{"embeddable":true,"href":"https:\/\/sustaffor.eu\/index.php?rest_route=\/wp\/v2\/users\/1"}],"replies":[{"embeddable":true,"href":"https:\/\/sustaffor.eu\/index.php?rest_route=%2Fwp%2Fv2%2Fcomments&post=851"}],"version-history":[{"count":4,"href":"https:\/\/sustaffor.eu\/index.php?rest_route=\/wp\/v2\/pages\/851\/revisions"}],"predecessor-version":[{"id":1381,"href":"https:\/\/sustaffor.eu\/index.php?rest_route=\/wp\/v2\/pages\/851\/revisions\/1381"}],"wp:attachment":[{"href":"https:\/\/sustaffor.eu\/index.php?rest_route=%2Fwp%2Fv2%2Fmedia&parent=851"}],"curies":[{"name":"wp","href":"https:\/\/api.w.org\/{rel}","templated":true}]}}