{"id":874,"date":"2014-12-01T10:17:48","date_gmt":"2014-12-01T10:17:48","guid":{"rendered":"https:\/\/sustaffor.eu\/?page_id=874"},"modified":"2015-10-27T14:45:06","modified_gmt":"2015-10-27T14:45:06","slug":"terracottem-internacional-sl","status":"publish","type":"page","link":"https:\/\/sustaffor.eu\/?page_id=874","title":{"rendered":"TerraCottem Internacional SL"},"content":{"rendered":"<p><img decoding=\"async\" loading=\"lazy\" class=\"size-full wp-image-59 alignleft\" style=\"margin-left: 30px; margin-right: 30px;\" alt=\"TerraCottem\" src=\"https:\/\/sustaffor.eu\/wp-content\/uploads\/2013\/12\/Terracottem_triar_un.jpg\" width=\"180\" height=\"118\" \/><\/p>\n<p><strong><a href=\"http:\/\/www.terracottem.com\/\" target=\"_blank\">www.terracottem.com<\/a><\/strong><\/p>\n<p>Calle La Torre s\/n, E-11190 Benalup (C\u00e1diz), Spain<\/p>\n<p>+34 956 23 34 00<\/p>\n<table class=\"fitxa\" width=\"100%\" border=\"0\">\n<tbody>\n<tr>\n<th width=\"16%\">Contacto<\/th>\n<th width=\"16%\">Posici\u00f3n<\/th>\n<th width=\"16%\">Correo electr\u00f3nico<\/th>\n<\/tr>\n<tr>\n<td width=\"16%\">Davy Ottevaere<\/td>\n<td width=\"16%\"><i>Technical Manager<\/i><\/td>\n<td width=\"16%\"><a href=\"mailto:davy.ottevaere@terracottem.be\">davy.ottevaere<img decoding=\"async\" alt=\"\" src=\"images\/arroba.png\" border=\"0\" \/>terracottem.be<\/a><\/td>\n<\/tr>\n<tr>\n<td width=\"16%\">Carol Devos<\/td>\n<td width=\"16%\"><i>CEO<\/i><\/td>\n<td width=\"16%\"><a href=\"mailto:carol@terracottem.com\">carol<img decoding=\"async\" alt=\"\" src=\"images\/arroba.png\" border=\"0\" \/>terracottem.com<\/a><\/td>\n<\/tr>\n<\/tbody>\n<\/table>\n","protected":false},"excerpt":{"rendered":"<p>www.terracottem.com Calle La Torre s\/n, E-11190 Benalup (C\u00e1diz), Spain +34 956 23 34 00 Contacto Posici\u00f3n Correo electr\u00f3nico Davy Ottevaere Technical Manager davy.ottevaereterracottem.be Carol Devos CEO carolterracottem.com<\/p>\n","protected":false},"author":1,"featured_media":0,"parent":828,"menu_order":21,"comment_status":"closed","ping_status":"open","template":"full-width-page.php","meta":{"_mi_skip_tracking":false,"_links_to":"","_links_to_target":""},"_links":{"self":[{"href":"https:\/\/sustaffor.eu\/index.php?rest_route=\/wp\/v2\/pages\/874"}],"collection":[{"href":"https:\/\/sustaffor.eu\/index.php?rest_route=\/wp\/v2\/pages"}],"about":[{"href":"https:\/\/sustaffor.eu\/index.php?rest_route=\/wp\/v2\/types\/page"}],"author":[{"embeddable":true,"href":"https:\/\/sustaffor.eu\/index.php?rest_route=\/wp\/v2\/users\/1"}],"replies":[{"embeddable":true,"href":"https:\/\/sustaffor.eu\/index.php?rest_route=%2Fwp%2Fv2%2Fcomments&post=874"}],"version-history":[{"count":2,"href":"https:\/\/sustaffor.eu\/index.php?rest_route=\/wp\/v2\/pages\/874\/revisions"}],"predecessor-version":[{"id":924,"href":"https:\/\/sustaffor.eu\/index.php?rest_route=\/wp\/v2\/pages\/874\/revisions\/924"}],"up":[{"embeddable":true,"href":"https:\/\/sustaffor.eu\/index.php?rest_route=\/wp\/v2\/pages\/828"}],"wp:attachment":[{"href":"https:\/\/sustaffor.eu\/index.php?rest_route=%2Fwp%2Fv2%2Fmedia&parent=874"}],"curies":[{"name":"wp","href":"https:\/\/api.w.org\/{rel}","templated":true}]}}