{"id":886,"date":"2014-12-02T08:45:03","date_gmt":"2014-12-02T08:45:03","guid":{"rendered":"https:\/\/sustaffor.eu\/?page_id=886"},"modified":"2015-10-27T14:45:06","modified_gmt":"2015-10-27T14:45:06","slug":"centro-tecnologico-forestal-de-cataluna","status":"publish","type":"page","link":"https:\/\/sustaffor.eu\/?page_id=886","title":{"rendered":"Centro Tecnol\u00f3gico Forestal de Catalu\u00f1a"},"content":{"rendered":"<p><a href=\"http:\/\/www.ctfc.cat\"><img decoding=\"async\" loading=\"lazy\" class=\"alignleft size-full wp-image-694\" style=\"margin-left: 10px; margin-right: 10px;\" alt=\"CTFC\" src=\"https:\/\/sustaffor.eu\/wp-content\/uploads\/2013\/12\/CTFC_en.jpg\" width=\"180\" height=\"86\" \/><\/a><strong>Project coordinator.<\/strong> Contact: <a href=\"mailto:sustaffor.info@ctfc.cat\">sustaffor.info<img decoding=\"async\" alt=\"\" src=\"images\/arroba.png\" border=\"0\" \/>ctfc.cat<\/a><br \/>\n<strong><a href=\"http:\/\/www.ctfc.cat\/\" target=\"_blank\">www.ctfc.cat<\/a><\/strong><br \/>\nCtra. Sant Lloren\u00e7 de Morunys Km. 2 (ctra. vella), E-25280 Solsona (Lleida), Spain<br \/>\n+34 973 48 17 52<\/p>\n<table class=\"fitxa\" width=\"100%\" border=\"0\">\n<tbody>\n<tr>\n<th width=\"16%\">Contacto<\/th>\n<th width=\"16%\">Posici\u00f3n<\/th>\n<th width=\"16%\">Correo electr\u00f3nico<\/th>\n<\/tr>\n<tr>\n<td>Dr. M\u00edriam Piqu\u00e9<\/td>\n<td>\u00a0<i>Head of Sustainable Forest Management Unit<\/i><\/td>\n<td><a href=\"mailto:miriam.pique@ctfc.cat\">miriam.pique<img decoding=\"async\" alt=\"\" src=\"images\/arroba.png\" border=\"0\" \/>ctfc.cat<\/a><\/td>\n<\/tr>\n<tr>\n<td>\u00a0Mr. Jaime Coello<\/td>\n<td>\u00a0<i>Researcher at Sustainable Forest Management Unit<\/i><\/td>\n<td><a href=\"mailto:jaime.coello@ctfc.cat\">jaime.coello<img decoding=\"async\" alt=\"\" src=\"images\/arroba.png\" border=\"0\" \/>ctfc.cat<\/a><\/td>\n<\/tr>\n<tr>\n<td>\u00a0Dr. Pere Rovira<\/td>\n<td>\u00a0<i>Researcher at the Ecology and management of silvopastoral systems Unit<\/i><\/td>\n<td><a href=\"mailto:Denis.boglio@ctfc.cat\">pere.rovira<img decoding=\"async\" alt=\"\" src=\"images\/arroba.png\" border=\"0\" \/>ctfc.cat<\/a><\/td>\n<\/tr>\n<\/tbody>\n<\/table>\n","protected":false},"excerpt":{"rendered":"<p>Project coordinator. Contact: sustaffor.infoctfc.cat www.ctfc.cat Ctra. Sant Lloren\u00e7 de Morunys Km. 2 (ctra. vella), E-25280 Solsona (Lleida), Spain +34 973 48 17 52 Contacto Posici\u00f3n Correo electr\u00f3nico Dr. M\u00edriam Piqu\u00e9 \u00a0Head of Sustainable Forest Management Unit miriam.piquectfc.cat \u00a0Mr. Jaime Coello<span class=\"ellipsis\">&hellip;<\/span><\/p>\n<div class=\"read-more\"><a href=\"https:\/\/sustaffor.eu\/?page_id=886\">Read more &#8250;<\/a><\/div>\n<p><!-- end of .read-more --><\/p>\n","protected":false},"author":1,"featured_media":0,"parent":828,"menu_order":27,"comment_status":"closed","ping_status":"open","template":"full-width-page.php","meta":{"_mi_skip_tracking":false,"_links_to":"","_links_to_target":""},"_links":{"self":[{"href":"https:\/\/sustaffor.eu\/index.php?rest_route=\/wp\/v2\/pages\/886"}],"collection":[{"href":"https:\/\/sustaffor.eu\/index.php?rest_route=\/wp\/v2\/pages"}],"about":[{"href":"https:\/\/sustaffor.eu\/index.php?rest_route=\/wp\/v2\/types\/page"}],"author":[{"embeddable":true,"href":"https:\/\/sustaffor.eu\/index.php?rest_route=\/wp\/v2\/users\/1"}],"replies":[{"embeddable":true,"href":"https:\/\/sustaffor.eu\/index.php?rest_route=%2Fwp%2Fv2%2Fcomments&post=886"}],"version-history":[{"count":2,"href":"https:\/\/sustaffor.eu\/index.php?rest_route=\/wp\/v2\/pages\/886\/revisions"}],"predecessor-version":[{"id":930,"href":"https:\/\/sustaffor.eu\/index.php?rest_route=\/wp\/v2\/pages\/886\/revisions\/930"}],"up":[{"embeddable":true,"href":"https:\/\/sustaffor.eu\/index.php?rest_route=\/wp\/v2\/pages\/828"}],"wp:attachment":[{"href":"https:\/\/sustaffor.eu\/index.php?rest_route=%2Fwp%2Fv2%2Fmedia&parent=886"}],"curies":[{"name":"wp","href":"https:\/\/api.w.org\/{rel}","templated":true}]}}