{"id":892,"date":"2014-12-02T08:47:39","date_gmt":"2014-12-02T08:47:39","guid":{"rendered":"https:\/\/sustaffor.eu\/?page_id=892"},"modified":"2015-10-27T14:45:07","modified_gmt":"2015-10-27T14:45:07","slug":"edma-innova-sl","status":"publish","type":"page","link":"https:\/\/sustaffor.eu\/?page_id=892","title":{"rendered":"EDMA Innova SL"},"content":{"rendered":"<p><img decoding=\"async\" loading=\"lazy\" class=\"alignleft size-full wp-image-66\" style=\"margin: 30px;\" alt=\"Edma\" src=\"https:\/\/sustaffor.eu\/wp-content\/uploads\/2013\/12\/Edma1.jpg\" width=\"180\" height=\"74\" \/><\/p>\n<p>&nbsp;<\/p>\n<p><strong><a href=\"http:\/\/www.edma.cat\/\" target=\"_blank\">www.edma.cat<\/a><\/strong><\/p>\n<p>Carrer dels Oms 10 1r 16, E-17111 Vulpellac (Girona), Spain<\/p>\n<p>+34 972 64 69 35<\/p>\n<table class=\"fitxa\" width=\"100%\" border=\"0\">\n<tbody>\n<tr>\n<th width=\"16%\">Contacto<\/th>\n<th width=\"16%\">Posici\u00f3n<\/th>\n<th width=\"16%\">Correo electr\u00f3nico<\/th>\n<\/tr>\n<tr>\n<td width=\"16%\">Josep Maria L\u00f3pez<\/td>\n<td width=\"16%\">\u00a0<i>Director<\/i><\/td>\n<td width=\"16%\"><a href=\"mailto:josepmaria.lopez@edma.cat\">josepmaria.lopez<img decoding=\"async\" alt=\"\" src=\"images\/arroba.png\" border=\"0\" \/>edma.cat<\/a><\/td>\n<\/tr>\n<tr>\n<td width=\"16%\">Roser Torrent<\/td>\n<td width=\"16%\"><i>IT Engineer \u2013 Electronics Specialist<\/i><\/td>\n<td width=\"16%\"><a href=\"mailto:roser.torrent@edma.cat\">roser.torrent<img decoding=\"async\" alt=\"\" src=\"images\/arroba.png\" border=\"0\" \/>edma.cat<\/a><\/td>\n<\/tr>\n<\/tbody>\n<\/table>\n","protected":false},"excerpt":{"rendered":"<p>&nbsp; www.edma.cat Carrer dels Oms 10 1r 16, E-17111 Vulpellac (Girona), Spain +34 972 64 69 35 Contacto Posici\u00f3n Correo electr\u00f3nico Josep Maria L\u00f3pez \u00a0Director josepmaria.lopezedma.cat Roser Torrent IT Engineer \u2013 Electronics Specialist roser.torrentedma.cat<\/p>\n","protected":false},"author":1,"featured_media":0,"parent":828,"menu_order":30,"comment_status":"closed","ping_status":"open","template":"full-width-page.php","meta":{"_mi_skip_tracking":false,"_links_to":"","_links_to_target":""},"_links":{"self":[{"href":"https:\/\/sustaffor.eu\/index.php?rest_route=\/wp\/v2\/pages\/892"}],"collection":[{"href":"https:\/\/sustaffor.eu\/index.php?rest_route=\/wp\/v2\/pages"}],"about":[{"href":"https:\/\/sustaffor.eu\/index.php?rest_route=\/wp\/v2\/types\/page"}],"author":[{"embeddable":true,"href":"https:\/\/sustaffor.eu\/index.php?rest_route=\/wp\/v2\/users\/1"}],"replies":[{"embeddable":true,"href":"https:\/\/sustaffor.eu\/index.php?rest_route=%2Fwp%2Fv2%2Fcomments&post=892"}],"version-history":[{"count":2,"href":"https:\/\/sustaffor.eu\/index.php?rest_route=\/wp\/v2\/pages\/892\/revisions"}],"predecessor-version":[{"id":933,"href":"https:\/\/sustaffor.eu\/index.php?rest_route=\/wp\/v2\/pages\/892\/revisions\/933"}],"up":[{"embeddable":true,"href":"https:\/\/sustaffor.eu\/index.php?rest_route=\/wp\/v2\/pages\/828"}],"wp:attachment":[{"href":"https:\/\/sustaffor.eu\/index.php?rest_route=%2Fwp%2Fv2%2Fmedia&parent=892"}],"curies":[{"name":"wp","href":"https:\/\/api.w.org\/{rel}","templated":true}]}}